{"id":8172,"date":"2021-12-10T14:42:48","date_gmt":"2021-12-10T14:42:48","guid":{"rendered":"https:\/\/complexosociallousada.pt\/?page_id=371"},"modified":"2026-05-03T20:34:58","modified_gmt":"2026-05-03T20:34:58","slug":"inscricoes-creche-25-26","status":"publish","type":"page","link":"https:\/\/complexosociallousada.pt\/?page_id=8172","title":{"rendered":"TURMINHA &#8211; VER\u00c3O 26"},"content":{"rendered":"\n<p class=\"has-small-font-size\" style=\"font-style:normal;font-weight:200\"><strong>INSCRI\u00c7\u00d5ES: 1 de maio a 14 de junho<\/strong><br>O CENTRO COMUNIT\u00c1RIO procura satisfazer todos os seus utentes alargando o seu campo de atividades atrav\u00e9s da cria\u00e7\u00e3o de novos projetos.<br>Com a cria\u00e7\u00e3o da \u201cTurminha de Ver\u00e3o\u201d pretende-se que a nossa interven\u00e7\u00e3o chegue \u00e0s crian\u00e7as do pr\u00e9-escolar durante o per\u00edodo de f\u00e9rias escolar atrav\u00e9s de atividades l\u00fadico-pedag\u00f3gicas semanais cumprindo assim a nossa miss\u00e3o de desenvolvimento das capacidades biopsicossociais.<\/p>\n\n\n\n<div class=\"wp-block-columns alignfull is-layout-flex wp-container-core-columns-is-layout-9d6595d7 wp-block-columns-is-layout-flex\">\n<div class=\"wp-block-column is-layout-flow wp-block-column-is-layout-flow\" style=\"flex-basis:100%\">\n<div class=\"wp-block-columns alignwide has-medium-font-size is-layout-flex wp-container-core-columns-is-layout-9d6595d7 wp-block-columns-is-layout-flex\">\n<div class=\"wp-block-column is-layout-flow wp-block-column-is-layout-flow\" style=\"flex-basis:100%\">\n<div class=\"wp-block-group\"><div class=\"wp-block-group__inner-container is-layout-flow wp-block-group-is-layout-flow\">\n<div class=\"wp-block-columns has-small-font-size is-layout-flex wp-container-core-columns-is-layout-9d6595d7 wp-block-columns-is-layout-flex\">\n<div class=\"wp-block-column has-small-font-size is-layout-flow wp-block-column-is-layout-flow\" style=\"flex-basis:66.66%\"><div class=\"wpforms-container wpforms-container-full wpforms-block wpforms-block-15c5fbaa-098c-421c-9eb8-3572aef8d33f\" id=\"wpforms-4016\"><form id=\"wpforms-form-4016\" class=\"wpforms-validate wpforms-form wpforms-ajax-form\" data-formid=\"4016\" method=\"post\" enctype=\"multipart\/form-data\" action=\"\/index.php?rest_route=%2Fwp%2Fv2%2Fpages%2F8172\" data-token=\"0d71da7ece2eef5902317eef0b19ae67\" data-token-time=\"1777959228\"><noscript class=\"wpforms-error-noscript\">Please enable JavaScript in your browser to complete this form.<\/noscript><div class=\"wpforms-field-container\"><div id=\"wpforms-4016-field_29-container\" class=\"wpforms-field wpforms-field-checkbox\" data-field-id=\"29\"><label class=\"wpforms-field-label\">TURMINHA DE F\u00c9RIAS &#8211; VER\u00c3O 2026 <span class=\"wpforms-required-label\">*<\/span><\/label><ul id=\"wpforms-4016-field_29\" class=\"wpforms-field-required\"><li class=\"choice-1 depth-1\"><input type=\"checkbox\" id=\"wpforms-4016-field_29_1\" name=\"wpforms[fields][29][]\" value=\"Inscri\u00e7\u00e3o\" required ><label class=\"wpforms-field-label-inline\" for=\"wpforms-4016-field_29_1\">Inscri\u00e7\u00e3o<\/label><\/li><\/ul><\/div><div id=\"wpforms-4016-field_22-container\" class=\"wpforms-field wpforms-field-name\" data-field-id=\"22\"><label class=\"wpforms-field-label\" for=\"wpforms-4016-field_22\">Nome <span class=\"wpforms-required-label\">*<\/span><\/label><input type=\"text\" id=\"wpforms-4016-field_22\" class=\"wpforms-field-medium wpforms-field-required\" name=\"wpforms[fields][22]\" required><div class=\"wpforms-field-description\">Encarregado de educa\u00e7\u00e3o<\/div><\/div><div id=\"wpforms-4016-field_1-container\" class=\"wpforms-field wpforms-field-email\" data-field-id=\"1\"><label class=\"wpforms-field-label\" for=\"wpforms-4016-field_1\">Email <span class=\"wpforms-required-label\">*<\/span><\/label><input type=\"email\" id=\"wpforms-4016-field_1\" class=\"wpforms-field-medium wpforms-field-required\" name=\"wpforms[fields][1]\" spellcheck=\"false\" required><\/div><div id=\"wpforms-4016-field_13-container\" class=\"wpforms-field wpforms-field-number\" data-field-id=\"13\"><label class=\"wpforms-field-label\" for=\"wpforms-4016-field_13\">Telefone <span class=\"wpforms-required-label\">*<\/span><\/label><input type=\"number\" id=\"wpforms-4016-field_13\" class=\"wpforms-field-small wpforms-field-required\" name=\"wpforms[fields][13]\" required><\/div><div id=\"wpforms-4016-field_16-container\" class=\"wpforms-field wpforms-field-name\" data-field-id=\"16\"><label class=\"wpforms-field-label\" for=\"wpforms-4016-field_16\">Morada <span class=\"wpforms-required-label\">*<\/span><\/label><input type=\"text\" id=\"wpforms-4016-field_16\" class=\"wpforms-field-large wpforms-field-required\" name=\"wpforms[fields][16]\" required><\/div><div id=\"wpforms-4016-field_14-container\" class=\"wpforms-field wpforms-field-name\" data-field-id=\"14\"><label class=\"wpforms-field-label\" for=\"wpforms-4016-field_14\">Nome da crian\u00e7a <span class=\"wpforms-required-label\">*<\/span><\/label><input type=\"text\" id=\"wpforms-4016-field_14\" class=\"wpforms-field-medium wpforms-field-required\" name=\"wpforms[fields][14]\" required><\/div><div id=\"wpforms-4016-field_19-container\" class=\"wpforms-field wpforms-field-number\" data-field-id=\"19\"><label class=\"wpforms-field-label\" for=\"wpforms-4016-field_19\">Data de nascimento <span class=\"wpforms-required-label\">*<\/span><\/label><input type=\"number\" id=\"wpforms-4016-field_19\" class=\"wpforms-field-small wpforms-field-required\" name=\"wpforms[fields][19]\" required><div class=\"wpforms-field-description\">aaaa\/mm\/dd  &#8211; Crian\u00e7a<\/div><\/div><div id=\"wpforms-4016-field_6-container\" class=\"wpforms-field wpforms-field-checkbox\" data-field-id=\"6\"><label class=\"wpforms-field-label\">Termos e condi\u00e7\u00f5es <span class=\"wpforms-required-label\">*<\/span><\/label><ul id=\"wpforms-4016-field_6\" class=\"wpforms-field-required\"><li class=\"choice-1 depth-1\"><input type=\"checkbox\" id=\"wpforms-4016-field_6_1\" name=\"wpforms[fields][6][]\" value=\"Eu concordo com os termos e condi\u00e7\u00f5es deste upgrade.\" required ><label class=\"wpforms-field-label-inline\" for=\"wpforms-4016-field_6_1\">Eu concordo com os termos e condi\u00e7\u00f5es deste upgrade.<\/label><\/li><\/ul><\/div><\/div><!-- .wpforms-field-container --><div class=\"wpforms-submit-container\" ><input type=\"hidden\" name=\"wpforms[id]\" value=\"4016\"><input type=\"hidden\" name=\"page_title\" value=\"\"><input type=\"hidden\" name=\"page_url\" value=\"https:\/\/complexosociallousada.pt\/index.php?rest_route=%2Fwp%2Fv2%2Fpages%2F8172\"><button type=\"submit\" name=\"wpforms[submit]\" id=\"wpforms-submit-4016\" class=\"wpforms-submit\" data-alt-text=\"A enviar\" data-submit-text=\"Enviar\" aria-live=\"assertive\" value=\"wpforms-submit\">Enviar<\/button><img loading=\"lazy\" decoding=\"async\" data-src=\"https:\/\/complexosociallousada.pt\/wp-content\/plugins\/wpforms-lite\/assets\/images\/submit-spin.svg\" class=\"wpforms-submit-spinner lazyload\" style=\"--smush-placeholder-width: 26px; --smush-placeholder-aspect-ratio: 26\/26;display: none;\" width=\"26\" height=\"26\" alt=\"Loading\" src=\"data:image\/gif;base64,R0lGODlhAQABAAAAACH5BAEKAAEALAAAAAABAAEAAAICTAEAOw==\"><noscript><img loading=\"lazy\" decoding=\"async\" src=\"https:\/\/complexosociallousada.pt\/wp-content\/plugins\/wpforms-lite\/assets\/images\/submit-spin.svg\" class=\"wpforms-submit-spinner\" style=\"display: none;\" width=\"26\" height=\"26\" alt=\"Loading\"><\/noscript><\/div><\/form><\/div>  <!-- .wpforms-container --><\/div>\n<\/div>\n<\/div><\/div>\n<\/div>\n<\/div>\n<\/div>\n<\/div>\n\n\n\n<p><strong>Termos e Condi\u00e7\u00f5es<\/strong><\/p>\n\n\n\n<ol style=\"font-style:normal;font-weight:100\" class=\"wp-block-list has-small-font-size\">\n<li><strong>Objetivo da inscri\u00e7\u00e3o<\/strong>:<br>A inscri\u00e7\u00e3o est\u00e1 a ser realizada com o objetivo de inscrever crian\u00e7as para uma vaga na Turminha de Ver\u00e3o do Centro Social e Paroquial de Macieira de Lousada, adiante designada por institui\u00e7\u00e3o.<\/li>\n\n\n\n<li><strong>Autenticidade das Informa\u00e7\u00f5es:<\/strong><br>O utilizador confirma que todas as informa\u00e7\u00f5es fornecidas no formul\u00e1rio de inscri\u00e7\u00e3o s\u00e3o verdadeiras, completas e precisas.<br>A falsifica\u00e7\u00e3o ou omiss\u00e3o de informa\u00e7\u00f5es poder\u00e1 resultar na exclus\u00e3o da pr\u00e9-inscri\u00e7\u00e3o.<\/li>\n\n\n\n<li><strong>A pr\u00e9-inscri\u00e7\u00e3o<\/strong><br>A inscri\u00e7\u00e3o tem car\u00e1cter obrigat\u00f3rio e efetua-se com o preenchimento e envio do formul\u00e1rio dispon\u00edvel no site <a href=\"https:\/\/complexosociallousada.pt\">https:\/\/complexosociallousada.pt<\/a>. O utilizador receber\u00e1 o comprovativo da inscri\u00e7\u00e3o por email;<\/li>\n\n\n\n<li><strong>Privacidade e Prote\u00e7\u00e3o de Dados:<\/strong><br>A institui\u00e7\u00e3o compromete-se a proteger a privacidade dos dados pessoais fornecidos pelo utilizador durante o processo de pr\u00e9-inscri\u00e7\u00e3o, conforme a Lei Geral de Prote\u00e7\u00e3o de Dados (LGPD) ou regulamenta\u00e7\u00f5es de privacidade aplic\u00e1veis.Os dados ser\u00e3o utilizados exclusivamente para fins relacionados ao processo de inscri\u00e7\u00e3o e sele\u00e7\u00e3o.<\/li>\n\n\n\n<li><strong>Processo de sele\u00e7\u00e3o:<\/strong><br>A inscri\u00e7\u00e3o n\u00e3o garante a admiss\u00e3o na Turminha de Ver\u00e3o.<br>A institui\u00e7\u00e3o reserva-se o direito de selecionar, perante os crit\u00e9rios de prioridade, os candidatos que ir\u00e3o avan\u00e7ar nas fases subsequentes.<\/li>\n\n\n\n<li><strong>Confidencialidade:<\/strong><br>Durante o processo de inscri\u00e7\u00e3o e sele\u00e7\u00e3o, todas as informa\u00e7\u00f5es recebidas ser\u00e3o tratadas como confidenciais e n\u00e3o ser\u00e3o compartilhadas com terceiros sem a autoriza\u00e7\u00e3o pr\u00e9via do utilizador, salvo exig\u00eancia legal.<\/li>\n\n\n\n<li><strong>Desist\u00eancia da inscri\u00e7\u00e3o:<\/strong><br>O utilizador pode desistir da pr\u00e9-inscri\u00e7\u00e3o a qualquer momento, bastando comunicar \u00e0 institui\u00e7\u00e3o de forma clara, por escrito, sobre sua decis\u00e3o de n\u00e3o prosseguir com o processo<\/li>\n\n\n\n<li><strong>Altera\u00e7\u00f5es nos Termos:<\/strong><br>A institui\u00e7\u00e3o reserva-se o direito de alterar os termos e condi\u00e7\u00f5es a qualquer momento, com a devida comunica\u00e7\u00e3o aos utilizadores, caso haja necessidade de modifica\u00e7\u00f5es.<br>O utilizador dever\u00e1 verificar os termos regularmente.<\/li>\n\n\n\n<li><strong>Compromisso de N\u00e3o Discrimina\u00e7\u00e3o:<\/strong><br>A institui\u00e7\u00e3o assegura que o processo de inscri\u00e7\u00e3o e sele\u00e7\u00e3o ser\u00e1 conduzido de forma justa, sem discrimina\u00e7\u00e3o por motivo de g\u00eanero, ra\u00e7a, religi\u00e3o, orienta\u00e7\u00e3o sexual, defici\u00eancia ou qualquer outra condi\u00e7\u00e3o que n\u00e3o esteja relacionada \u00e0s qualifica\u00e7\u00f5es e habilita\u00e7\u00f5es necess\u00e1rias para a fun\u00e7\u00e3o.<\/li>\n\n\n\n<li><strong>Responsabilidade do utilizador:<\/strong><br>O utilizador \u00e9 respons\u00e1vel por manter seus dados atualizados e pela veracidade das informa\u00e7\u00f5es fornecidas no formul\u00e1rio. A institui\u00e7\u00e3o n\u00e3o se responsabiliza por eventuais falhas no envio de documentos ou informa\u00e7\u00f5es.<\/li>\n\n\n\n<li><strong>Aceita\u00e7\u00e3o dos Termos:<\/strong><br>Ao enviar a inscri\u00e7\u00e3o, o utilizador declara que leu, compreendeu e concorda com todos os termos e condi\u00e7\u00f5es aqui&nbsp;estabelecidos.<\/li>\n<\/ol>\n","protected":false},"excerpt":{"rendered":"<p>INSCRI\u00c7\u00d5ES: 1 de maio a 14 de junhoO CENTRO COMUNIT\u00c1RIO procura satisfazer todos os seus utentes alargando o seu campo de atividades atrav\u00e9s da cria\u00e7\u00e3o de novos projetos.Com a cria\u00e7\u00e3o da \u201cTurminha de Ver\u00e3o\u201d pretende-se que a nossa interven\u00e7\u00e3o chegue \u00e0s crian\u00e7as do pr\u00e9-escolar durante o per\u00edodo de f\u00e9rias escolar atrav\u00e9s de atividades l\u00fadico-pedag\u00f3gicas semanais&hellip;&nbsp;<a href=\"https:\/\/complexosociallousada.pt\/?page_id=8172\" class=\"\" rel=\"bookmark\">Ler mais &raquo;<span class=\"screen-reader-text\">TURMINHA &#8211; VER\u00c3O 26<\/span><\/a><\/p>\n","protected":false},"author":2,"featured_media":3370,"parent":0,"menu_order":0,"comment_status":"closed","ping_status":"closed","template":"","meta":{"neve_meta_sidebar":"","neve_meta_container":"default","neve_meta_enable_content_width":"","neve_meta_content_width":0,"neve_meta_title_alignment":"left","neve_meta_author_avatar":"","neve_post_elements_order":"","neve_meta_disable_header":"","neve_meta_disable_footer":"on","neve_meta_disable_title":"","_ti_tpc_template_sync":false,"_ti_tpc_template_id":"","footnotes":""},"class_list":["post-8172","page","type-page","status-publish","has-post-thumbnail","hentry"],"_links":{"self":[{"href":"https:\/\/complexosociallousada.pt\/index.php?rest_route=\/wp\/v2\/pages\/8172","targetHints":{"allow":["GET"]}}],"collection":[{"href":"https:\/\/complexosociallousada.pt\/index.php?rest_route=\/wp\/v2\/pages"}],"about":[{"href":"https:\/\/complexosociallousada.pt\/index.php?rest_route=\/wp\/v2\/types\/page"}],"author":[{"embeddable":true,"href":"https:\/\/complexosociallousada.pt\/index.php?rest_route=\/wp\/v2\/users\/2"}],"replies":[{"embeddable":true,"href":"https:\/\/complexosociallousada.pt\/index.php?rest_route=%2Fwp%2Fv2%2Fcomments&post=8172"}],"version-history":[{"count":17,"href":"https:\/\/complexosociallousada.pt\/index.php?rest_route=\/wp\/v2\/pages\/8172\/revisions"}],"predecessor-version":[{"id":8958,"href":"https:\/\/complexosociallousada.pt\/index.php?rest_route=\/wp\/v2\/pages\/8172\/revisions\/8958"}],"wp:featuredmedia":[{"embeddable":true,"href":"https:\/\/complexosociallousada.pt\/index.php?rest_route=\/wp\/v2\/media\/3370"}],"wp:attachment":[{"href":"https:\/\/complexosociallousada.pt\/index.php?rest_route=%2Fwp%2Fv2%2Fmedia&parent=8172"}],"curies":[{"name":"wp","href":"https:\/\/api.w.org\/{rel}","templated":true}]}}