{"id":8074,"date":"2021-12-10T14:42:48","date_gmt":"2021-12-10T14:42:48","guid":{"rendered":"https:\/\/complexosociallousada.pt\/?page_id=371"},"modified":"2026-03-30T15:34:17","modified_gmt":"2026-03-30T15:34:17","slug":"inscricoes","status":"publish","type":"page","link":"https:\/\/complexosociallousada.pt\/?page_id=8074","title":{"rendered":"RECRUTAMENTO"},"content":{"rendered":"\n<div class=\"wp-block-columns alignfull is-layout-flex wp-container-core-columns-is-layout-9d6595d7 wp-block-columns-is-layout-flex\">\n<div class=\"wp-block-column is-layout-flow wp-block-column-is-layout-flow\">\n<p class=\"has-text-align-left has-nv-site-bg-color has-text-color has-background has-link-color wp-elements-12f41b710c44ebcbd4a11797f09e2138\" style=\"background-color:#326d39\">Esteve aberto at\u00e9 dia 27 fevereiro \u00e0s 17h da Bolsa de recrutamento 2026<br>Fase 1<\/p>\n\n\n\n<p class=\"has-small-font-size\">RECRUTAMENTO<\/p>\n\n\n\n<p class=\"has-small-font-size\" style=\"font-style:normal;font-weight:200\">Prezado(a) Candidato(a)<br><br>Esteve aberto at\u00e9 dia 27 de fevereiro 2026 \u00e1s 17h00, a Bolsa de recrutamento para:\u00a0<br>Ajudantes familiares, Animadores Socioculturais, Auxiliares de a\u00e7\u00e3o direta, Auxiliares de a\u00e7\u00e3o educativa, Cozinheiros, Educadores de Inf\u00e2ncia, Educadores Sociais, Fisioterapeutas, Psic\u00f3logos e Terapeutas ocupacionais<\/p>\n\n\n\n<p>Link candidatura:(<a href=\"https:\/\/forms.gle\/Ky7jkdfBwL2f5jbW8\" data-type=\"link\" data-id=\"https:\/\/forms.gle\/Ky7jkdfBwL2f5jbW8\">link de acesso<\/a>) <br><\/p>\n\n\n\n<p><\/p>\n\n\n\n<p class=\"has-neve-text-color-color has-text-color has-link-color wp-elements-04c5089499cf083ba8e482c4578878a5\" style=\"font-style:normal;font-weight:100\"><\/p>\n\n\n\n<p class=\"has-small-font-size\"><\/p>\n\n\n\n<p class=\"has-small-font-size\"><\/p>\n<\/div>\n<\/div>\n\n\n\n<p class=\"has-neve-text-color-color has-nv-light-bg-background-color has-text-color has-background has-link-color has-medium-font-size wp-elements-83cf4fbb3be32c9e704077e2d183e4b5\"><strong>Procedimento da Bolsa de Recrutamento<\/strong><\/p>\n\n\n\n<p class=\"has-neve-text-color-color has-text-color has-link-color wp-elements-881cda70d9f68dc7fcbedfb7dfb16b58\" style=\"font-style:normal;font-weight:100\"><strong>Divulga\u00e7\u00e3o da Bolsa<\/strong><br>&#8211; A institui\u00e7\u00e3o publica o aviso com informa\u00e7\u00f5es detalhadas sobre a bolsa, incluindo crit\u00e9rios de elegibilidade, valores, dura\u00e7\u00e3o e documentos necess\u00e1rios;<br>&#8211; A publica\u00e7\u00e3o ocorre, normalmente, em <strong>janeiro<\/strong> de cada ano civil.<br><br><strong>Inscri\u00e7\u00e3o<\/strong><br>&#8211; Os interessados devem enviar a candidatura <strong>online<\/strong> (link de acesso) dentro do prazo estabelecido;<br>&#8211; Documentos normalmente exigidos: formul\u00e1rio de inscri\u00e7\u00e3o, curr\u00edculo, hist\u00f3rico acad\u00e9mico e enquadramento contratual;<br>&#8211; Candidatos para diferentes fun\u00e7\u00f5es podem concorrer, desde que sejam eleg\u00edveis para recrutamento durante o ano civil.<br><br><strong>Avalia\u00e7\u00e3o das Candidaturas<\/strong><br>&#8211; A comiss\u00e3o respons\u00e1vel analisa os candidatos com base em crit\u00e9rios objetivos, como desempenho acad\u00e9mico, experi\u00eancia profissional, m\u00e9rito do projeto apresentado e enquadramento contratual;<br>&#8211; Em alguns casos, pode haver <strong>prova complementar<\/strong>.<br><br><strong>Sele\u00e7\u00e3o<\/strong><br>&#8211; \u00c9 publicada a lista dos candidatos aprovados ou classificados;<br>&#8211; A <strong>entrevista<\/strong> tem car\u00e1ter decisivo na sele\u00e7\u00e3o final;<br>&#8211; Podem existir candidatos <strong>suplentes<\/strong>, caso o titular desista ou n\u00e3o cumpra os requisitos.<br><br><strong>Formaliza\u00e7\u00e3o da Bolsa<\/strong><br>&#8211; Os candidatos selecionados assinam termos que detalham os direitos e deveres durante a vig\u00eancia da bolsa;<br>&#8211; S\u00e3o informados o <strong>per\u00edodo de vig\u00eancia<\/strong> e as <strong>responsabilidades do candidato<\/strong>.<br><br><strong>Acompanhamento e Relat\u00f3rios<\/strong><br>&#8211; O desempenho do bolsista pode ser avaliado para eventual <strong>renova\u00e7\u00e3o ou continuidade<\/strong> da bolsa;<br>&#8211; O candidato deve cumprir as atividades previstas e entregar formul\u00e1rios, relat\u00f3rios ou resultados, conforme aplic\u00e1vel.<\/p>\n","protected":false},"excerpt":{"rendered":"<p>Esteve aberto at\u00e9 dia 27 fevereiro \u00e0s 17h da Bolsa de recrutamento 2026Fase 1 RECRUTAMENTO Prezado(a) Candidato(a) Esteve aberto at\u00e9 dia 27 de fevereiro 2026 \u00e1s 17h00, a Bolsa de recrutamento para:\u00a0Ajudantes familiares, Animadores Socioculturais, Auxiliares de a\u00e7\u00e3o direta, Auxiliares de a\u00e7\u00e3o educativa, Cozinheiros, Educadores de Inf\u00e2ncia, Educadores Sociais, Fisioterapeutas, Psic\u00f3logos e Terapeutas ocupacionais Link&hellip;&nbsp;<a href=\"https:\/\/complexosociallousada.pt\/?page_id=8074\" class=\"\" rel=\"bookmark\">Ler mais &raquo;<span class=\"screen-reader-text\">RECRUTAMENTO<\/span><\/a><\/p>\n","protected":false},"author":2,"featured_media":3370,"parent":0,"menu_order":0,"comment_status":"closed","ping_status":"closed","template":"","meta":{"neve_meta_sidebar":"left","neve_meta_container":"contained","neve_meta_enable_content_width":"on","neve_meta_content_width":73,"neve_meta_title_alignment":"left","neve_meta_author_avatar":"","neve_post_elements_order":"","neve_meta_disable_header":"","neve_meta_disable_footer":"on","neve_meta_disable_title":"","_ti_tpc_template_sync":false,"_ti_tpc_template_id":"","footnotes":""},"class_list":["post-8074","page","type-page","status-publish","has-post-thumbnail","hentry"],"_links":{"self":[{"href":"https:\/\/complexosociallousada.pt\/index.php?rest_route=\/wp\/v2\/pages\/8074","targetHints":{"allow":["GET"]}}],"collection":[{"href":"https:\/\/complexosociallousada.pt\/index.php?rest_route=\/wp\/v2\/pages"}],"about":[{"href":"https:\/\/complexosociallousada.pt\/index.php?rest_route=\/wp\/v2\/types\/page"}],"author":[{"embeddable":true,"href":"https:\/\/complexosociallousada.pt\/index.php?rest_route=\/wp\/v2\/users\/2"}],"replies":[{"embeddable":true,"href":"https:\/\/complexosociallousada.pt\/index.php?rest_route=%2Fwp%2Fv2%2Fcomments&post=8074"}],"version-history":[{"count":30,"href":"https:\/\/complexosociallousada.pt\/index.php?rest_route=\/wp\/v2\/pages\/8074\/revisions"}],"predecessor-version":[{"id":8864,"href":"https:\/\/complexosociallousada.pt\/index.php?rest_route=\/wp\/v2\/pages\/8074\/revisions\/8864"}],"wp:featuredmedia":[{"embeddable":true,"href":"https:\/\/complexosociallousada.pt\/index.php?rest_route=\/wp\/v2\/media\/3370"}],"wp:attachment":[{"href":"https:\/\/complexosociallousada.pt\/index.php?rest_route=%2Fwp%2Fv2%2Fmedia&parent=8074"}],"curies":[{"name":"wp","href":"https:\/\/api.w.org\/{rel}","templated":true}]}}