{"id":503,"date":"2021-12-20T14:16:19","date_gmt":"2021-12-20T14:16:19","guid":{"rendered":"https:\/\/complexosociallousada.pt\/?page_id=503"},"modified":"2025-03-13T14:15:22","modified_gmt":"2025-03-13T14:15:22","slug":"centro-de-atividades-de-tempos-livres-catl-2","status":"publish","type":"page","link":"https:\/\/complexosociallousada.pt\/?page_id=503","title":{"rendered":"Creche"},"content":{"rendered":"\n<p class=\"has-nv-light-bg-background-color has-background\" style=\"font-size:15px;font-style:normal;font-weight:200\">Atrav\u00e9s da situa\u00e7\u00e3o de brincadeira  levamos a crian\u00e7a a aprender a ter maior consci\u00eancia de si pr\u00f3pria, desenvolvendo a linguagem, a compreens\u00e3o de s\u00edmbolos e a capacidade de aten\u00e7\u00e3o, iniciativa e criatividade. \u00c9 ao brincar com as outras&nbsp;crian\u00e7as que a ela aprende a conhecer o outro, a comunicar, a respeitar e come\u00e7a a criar h\u00e1bitos de partilha.<\/p>\n\n\n\n<p style=\"font-style:normal;font-weight:400\"><strong>Capacidade de 58 crian\u00e7as<\/strong> (Portaria n.\u00ba 262\/2011, de 31 de agosto, Art. 7\u00ba, n\u00ba2)<\/p>\n\n\n\n<ul class=\"wp-block-list has-small-font-size\">\n<li>10 Lugares &#8211; Ber\u00e7\u00e1rio<\/li>\n\n\n\n<li>10 Lugares &#8211; Sala 1<\/li>\n\n\n\n<li>20 Lugares &#8211; Sala 2<\/li>\n\n\n\n<li>18 Lugares &#8211; Sala 3<\/li>\n<\/ul>\n\n\n\n<p>Hor\u00e1rio de funcionamento:\u00a007h30 \u00e0s 18h15<\/p>\n\n\n\n<p><strong>Servi\u00e7os<\/strong><\/p>\n\n\n\n<ul class=\"wp-block-list has-small-font-size\">\n<li><strong>Baby-Sitting<\/strong> (Ap\u00f3s as 18h15);<\/li>\n\n\n\n<li>Alimenta\u00e7\u00e3o (adaptada a cada crian\u00e7a seguindo orienta\u00e7\u00f5es pedi\u00e1tricas);<\/li>\n\n\n\n<li>Transporte;<\/li>\n\n\n\n<li>Puericultura (fraldas, toalhetes e pomadas de prote\u00e7\u00e3o);<\/li>\n\n\n\n<li>Lavandaria (batas, babetes e len\u00e7\u00f3is);<\/li>\n\n\n\n<li>M\u00fasica. <\/li>\n<\/ul>\n\n\n<div class=\"wp-block-image is-style-default\">\n<figure class=\"aligncenter size-medium is-resized\"><img loading=\"lazy\" decoding=\"async\" width=\"300\" height=\"225\" data-src=\"https:\/\/complexosociallousada.pt\/wp-content\/uploads\/2022\/08\/277779316_3146469355628274_7379959812634083407_n-300x225.jpg\" alt=\"\" class=\"wp-image-1142 lazyload\" style=\"--smush-placeholder-width: 300px; --smush-placeholder-aspect-ratio: 300\/225;aspect-ratio:1.3338762214983713;object-fit:cover;width:659px;height:auto\" data-srcset=\"https:\/\/complexosociallousada.pt\/wp-content\/uploads\/2022\/08\/277779316_3146469355628274_7379959812634083407_n-300x225.jpg 300w, https:\/\/complexosociallousada.pt\/wp-content\/uploads\/2022\/08\/277779316_3146469355628274_7379959812634083407_n-1024x768.jpg 1024w, https:\/\/complexosociallousada.pt\/wp-content\/uploads\/2022\/08\/277779316_3146469355628274_7379959812634083407_n-768x576.jpg 768w, https:\/\/complexosociallousada.pt\/wp-content\/uploads\/2022\/08\/277779316_3146469355628274_7379959812634083407_n-1536x1152.jpg 1536w, https:\/\/complexosociallousada.pt\/wp-content\/uploads\/2022\/08\/277779316_3146469355628274_7379959812634083407_n.jpg 2000w\" data-sizes=\"auto, (max-width: 300px) 100vw, 300px\" src=\"data:image\/gif;base64,R0lGODlhAQABAAAAACH5BAEKAAEALAAAAAABAAEAAAICTAEAOw==\" \/><noscript><img loading=\"lazy\" decoding=\"async\" width=\"300\" height=\"225\" src=\"https:\/\/complexosociallousada.pt\/wp-content\/uploads\/2022\/08\/277779316_3146469355628274_7379959812634083407_n-300x225.jpg\" alt=\"\" class=\"wp-image-1142\" style=\"aspect-ratio:1.3338762214983713;object-fit:cover;width:659px;height:auto\" srcset=\"https:\/\/complexosociallousada.pt\/wp-content\/uploads\/2022\/08\/277779316_3146469355628274_7379959812634083407_n-300x225.jpg 300w, https:\/\/complexosociallousada.pt\/wp-content\/uploads\/2022\/08\/277779316_3146469355628274_7379959812634083407_n-1024x768.jpg 1024w, https:\/\/complexosociallousada.pt\/wp-content\/uploads\/2022\/08\/277779316_3146469355628274_7379959812634083407_n-768x576.jpg 768w, https:\/\/complexosociallousada.pt\/wp-content\/uploads\/2022\/08\/277779316_3146469355628274_7379959812634083407_n-1536x1152.jpg 1536w, https:\/\/complexosociallousada.pt\/wp-content\/uploads\/2022\/08\/277779316_3146469355628274_7379959812634083407_n.jpg 2000w\" sizes=\"auto, (max-width: 300px) 100vw, 300px\" \/><\/noscript><\/figure>\n<\/div>\n\n\n<p><\/p>\n","protected":false},"excerpt":{"rendered":"<p>Atrav\u00e9s da situa\u00e7\u00e3o de brincadeira levamos a crian\u00e7a a aprender a ter maior consci\u00eancia de si pr\u00f3pria, desenvolvendo a linguagem, a compreens\u00e3o de s\u00edmbolos e a capacidade de aten\u00e7\u00e3o, iniciativa e criatividade. \u00c9 ao brincar com as outras&nbsp;crian\u00e7as que a ela aprende a conhecer o outro, a comunicar, a respeitar e come\u00e7a a criar h\u00e1bitos&hellip;&nbsp;<a href=\"https:\/\/complexosociallousada.pt\/?page_id=503\" class=\"\" rel=\"bookmark\">Ler mais &raquo;<span class=\"screen-reader-text\">Creche<\/span><\/a><\/p>\n","protected":false},"author":2,"featured_media":1142,"parent":0,"menu_order":0,"comment_status":"closed","ping_status":"closed","template":"","meta":{"neve_meta_sidebar":"full-width","neve_meta_container":"contained","neve_meta_enable_content_width":"","neve_meta_content_width":70,"neve_meta_title_alignment":"left","neve_meta_author_avatar":"","neve_post_elements_order":"","neve_meta_disable_header":"","neve_meta_disable_footer":"on","neve_meta_disable_title":"off","_ti_tpc_template_sync":false,"_ti_tpc_template_id":"","footnotes":""},"class_list":["post-503","page","type-page","status-publish","has-post-thumbnail","hentry"],"_links":{"self":[{"href":"https:\/\/complexosociallousada.pt\/index.php?rest_route=\/wp\/v2\/pages\/503","targetHints":{"allow":["GET"]}}],"collection":[{"href":"https:\/\/complexosociallousada.pt\/index.php?rest_route=\/wp\/v2\/pages"}],"about":[{"href":"https:\/\/complexosociallousada.pt\/index.php?rest_route=\/wp\/v2\/types\/page"}],"author":[{"embeddable":true,"href":"https:\/\/complexosociallousada.pt\/index.php?rest_route=\/wp\/v2\/users\/2"}],"replies":[{"embeddable":true,"href":"https:\/\/complexosociallousada.pt\/index.php?rest_route=%2Fwp%2Fv2%2Fcomments&post=503"}],"version-history":[{"count":39,"href":"https:\/\/complexosociallousada.pt\/index.php?rest_route=\/wp\/v2\/pages\/503\/revisions"}],"predecessor-version":[{"id":7935,"href":"https:\/\/complexosociallousada.pt\/index.php?rest_route=\/wp\/v2\/pages\/503\/revisions\/7935"}],"wp:featuredmedia":[{"embeddable":true,"href":"https:\/\/complexosociallousada.pt\/index.php?rest_route=\/wp\/v2\/media\/1142"}],"wp:attachment":[{"href":"https:\/\/complexosociallousada.pt\/index.php?rest_route=%2Fwp%2Fv2%2Fmedia&parent=503"}],"curies":[{"name":"wp","href":"https:\/\/api.w.org\/{rel}","templated":true}]}}