{"id":501,"date":"2021-12-20T14:15:34","date_gmt":"2021-12-20T14:15:34","guid":{"rendered":"https:\/\/complexosociallousada.pt\/?page_id=501"},"modified":"2025-03-13T14:19:15","modified_gmt":"2025-03-13T14:19:15","slug":"servico-de-apoio-domiciliario-sad-2","status":"publish","type":"page","link":"https:\/\/complexosociallousada.pt\/?page_id=501","title":{"rendered":"Servi\u00e7o Apoio Domicili\u00e1rio"},"content":{"rendered":"\n<p class=\"has-nv-light-bg-background-color has-background has-small-font-size\" style=\"font-style:normal;font-weight:400\">Teve&nbsp;in\u00edcio como resposta social em novembro de 2009 e tem os seguintes objetivos<\/p>\n\n\n\n<ul class=\"wp-block-list has-small-font-size\">\n<li>Concorrer para a melhoria da qualidade de vida das pessoas e fam\u00edlias;<\/li>\n\n\n\n<li>Contribuir para a concilia\u00e7\u00e3o da vida familiar e profissional do agregado familiar;<\/li>\n\n\n\n<li>Contribuir para a perman\u00eancia dos utentes no seu meio habitual de vida, retardando ou evitando o recurso a estruturas residenciais;<\/li>\n\n\n\n<li>Promover estrat\u00e9gias de desenvolvimento da autonomia;<\/li>\n\n\n\n<li>Prestar os cuidados e servi\u00e7os adequados \u00e0s necessidades dos utentes, sendo objeto de contratualiza\u00e7\u00e3o.<\/li>\n<\/ul>\n\n\n\n<p><strong>Capacidade da&nbsp;resposta<\/strong><\/p>\n\n\n\n<p class=\"has-small-font-size\">40 utentes (38 com acordo de Coopera\u00e7\u00e3o com a Seguran\u00e7a Social)<\/p>\n\n\n\n<p><strong>Servi\u00e7os<\/strong><\/p>\n\n\n\n<ul class=\"wp-block-list has-small-font-size\">\n<li>&nbsp;Fornecimento de Alimenta\u00e7\u00e3o;<\/li>\n\n\n\n<li>Cuidados de Higiene e Conforto;<\/li>\n\n\n\n<li>Higiene Habitacional;<\/li>\n\n\n\n<li>Tratamento de Roupa;<\/li>\n\n\n\n<li>Outros Servi\u00e7os.<\/li>\n<\/ul>\n\n\n<div class=\"wp-block-image is-style-default\">\n<figure class=\"aligncenter size-large is-resized\"><img loading=\"lazy\" decoding=\"async\" width=\"1024\" height=\"768\" data-src=\"https:\/\/complexosociallousada.pt\/wp-content\/uploads\/2024\/10\/WhatsApp-Image-2024-10-28-at-14.08.41-1024x768.jpeg\" alt=\"\" class=\"wp-image-6295 lazyload\" style=\"--smush-placeholder-width: 1024px; --smush-placeholder-aspect-ratio: 1024\/768;width:550px;height:auto\" data-srcset=\"https:\/\/complexosociallousada.pt\/wp-content\/uploads\/2024\/10\/WhatsApp-Image-2024-10-28-at-14.08.41-1024x768.jpeg 1024w, https:\/\/complexosociallousada.pt\/wp-content\/uploads\/2024\/10\/WhatsApp-Image-2024-10-28-at-14.08.41-300x225.jpeg 300w, https:\/\/complexosociallousada.pt\/wp-content\/uploads\/2024\/10\/WhatsApp-Image-2024-10-28-at-14.08.41-768x576.jpeg 768w, https:\/\/complexosociallousada.pt\/wp-content\/uploads\/2024\/10\/WhatsApp-Image-2024-10-28-at-14.08.41-1536x1152.jpeg 1536w, https:\/\/complexosociallousada.pt\/wp-content\/uploads\/2024\/10\/WhatsApp-Image-2024-10-28-at-14.08.41.jpeg 1600w\" data-sizes=\"auto, (max-width: 1024px) 100vw, 1024px\" src=\"data:image\/gif;base64,R0lGODlhAQABAAAAACH5BAEKAAEALAAAAAABAAEAAAICTAEAOw==\" \/><noscript><img loading=\"lazy\" decoding=\"async\" width=\"1024\" height=\"768\" src=\"https:\/\/complexosociallousada.pt\/wp-content\/uploads\/2024\/10\/WhatsApp-Image-2024-10-28-at-14.08.41-1024x768.jpeg\" alt=\"\" class=\"wp-image-6295\" style=\"width:550px;height:auto\" srcset=\"https:\/\/complexosociallousada.pt\/wp-content\/uploads\/2024\/10\/WhatsApp-Image-2024-10-28-at-14.08.41-1024x768.jpeg 1024w, https:\/\/complexosociallousada.pt\/wp-content\/uploads\/2024\/10\/WhatsApp-Image-2024-10-28-at-14.08.41-300x225.jpeg 300w, https:\/\/complexosociallousada.pt\/wp-content\/uploads\/2024\/10\/WhatsApp-Image-2024-10-28-at-14.08.41-768x576.jpeg 768w, https:\/\/complexosociallousada.pt\/wp-content\/uploads\/2024\/10\/WhatsApp-Image-2024-10-28-at-14.08.41-1536x1152.jpeg 1536w, https:\/\/complexosociallousada.pt\/wp-content\/uploads\/2024\/10\/WhatsApp-Image-2024-10-28-at-14.08.41.jpeg 1600w\" sizes=\"auto, (max-width: 1024px) 100vw, 1024px\" \/><\/noscript><\/figure>\n<\/div>\n\n\n<p><\/p>\n","protected":false},"excerpt":{"rendered":"<p>Teve&nbsp;in\u00edcio como resposta social em novembro de 2009 e tem os seguintes objetivos Capacidade da&nbsp;resposta 40 utentes (38 com acordo de Coopera\u00e7\u00e3o com a Seguran\u00e7a Social) Servi\u00e7os<\/p>\n","protected":false},"author":1,"featured_media":1155,"parent":0,"menu_order":0,"comment_status":"closed","ping_status":"closed","template":"","meta":{"neve_meta_sidebar":"","neve_meta_container":"","neve_meta_enable_content_width":"","neve_meta_content_width":0,"neve_meta_title_alignment":"","neve_meta_author_avatar":"","neve_post_elements_order":"","neve_meta_disable_header":"","neve_meta_disable_footer":"on","neve_meta_disable_title":"","_ti_tpc_template_sync":false,"_ti_tpc_template_id":"","footnotes":""},"class_list":["post-501","page","type-page","status-publish","has-post-thumbnail","hentry"],"_links":{"self":[{"href":"https:\/\/complexosociallousada.pt\/index.php?rest_route=\/wp\/v2\/pages\/501","targetHints":{"allow":["GET"]}}],"collection":[{"href":"https:\/\/complexosociallousada.pt\/index.php?rest_route=\/wp\/v2\/pages"}],"about":[{"href":"https:\/\/complexosociallousada.pt\/index.php?rest_route=\/wp\/v2\/types\/page"}],"author":[{"embeddable":true,"href":"https:\/\/complexosociallousada.pt\/index.php?rest_route=\/wp\/v2\/users\/1"}],"replies":[{"embeddable":true,"href":"https:\/\/complexosociallousada.pt\/index.php?rest_route=%2Fwp%2Fv2%2Fcomments&post=501"}],"version-history":[{"count":15,"href":"https:\/\/complexosociallousada.pt\/index.php?rest_route=\/wp\/v2\/pages\/501\/revisions"}],"predecessor-version":[{"id":7938,"href":"https:\/\/complexosociallousada.pt\/index.php?rest_route=\/wp\/v2\/pages\/501\/revisions\/7938"}],"wp:featuredmedia":[{"embeddable":true,"href":"https:\/\/complexosociallousada.pt\/index.php?rest_route=\/wp\/v2\/media\/1155"}],"wp:attachment":[{"href":"https:\/\/complexosociallousada.pt\/index.php?rest_route=%2Fwp%2Fv2%2Fmedia&parent=501"}],"curies":[{"name":"wp","href":"https:\/\/api.w.org\/{rel}","templated":true}]}}