{"id":499,"date":"2021-12-20T14:14:33","date_gmt":"2021-12-20T14:14:33","guid":{"rendered":"https:\/\/complexosociallousada.pt\/?page_id=499"},"modified":"2025-03-13T14:25:02","modified_gmt":"2025-03-13T14:25:02","slug":"respostas-sociais-2","status":"publish","type":"page","link":"https:\/\/complexosociallousada.pt\/?page_id=499","title":{"rendered":"Movimento S\u00e9nior"},"content":{"rendered":"\n<p class=\"has-nv-light-bg-background-color has-background has-small-font-size\" style=\"font-style:normal;font-weight:400\">Teve in\u00edcio em 2009 com o Clube S\u00e9nior. \u00c9 um projeto de lazer e ocupa\u00e7\u00e3o do tempo livre com o objetivo de combater o isolamento e a solid\u00e3o, bem como, promover um envelhecimento ativo inserindo o idoso na sua comunidade envolvente. Atualmente em parceria com a C\u00e2mara Municipal de Lousada. Visa&nbsp;a cria\u00e7\u00e3o de condi\u00e7\u00f5es que possibilitem aos indiv\u00edduos o exerc\u00edcio pleno do seu direito de cidadania e apoiar as fam\u00edlias no desemprenho das suas fun\u00e7\u00f5es e responsabilidades, refor\u00e7ando a sua capacidade de integra\u00e7\u00e3o e participa\u00e7\u00e3o social.<\/p>\n\n\n\n<p><strong>Objetivos<\/strong><\/p>\n\n\n\n<div class=\"wp-block-group has-small-font-size\"><div class=\"wp-block-group__inner-container is-layout-flow wp-block-group-is-layout-flow\">\n<ul class=\"wp-block-list\">\n<li>Constituir um polo de anima\u00e7\u00e3o gerador de din\u00e2micas locais;<\/li>\n\n\n\n<li>Fomentar a participa\u00e7\u00e3o das pessoas, fam\u00edlias e grupos;<\/li>\n\n\n\n<li>Dinamizar e envolver os parceiros locais e fomentar a cria\u00e7\u00e3o de novos recursos;<\/li>\n\n\n\n<li>Desenvolver atividades dinamizadoras da vida social e cultural da comunidade.<\/li>\n<\/ul>\n<\/div><\/div>\n\n\n\n<p><strong>Funcionamento<\/strong>: Segunda-feira a sexta-feira das 9h00 \u00e0s 17h00<\/p>\n\n\n\n<p><strong>Servi\u00e7os<\/strong><\/p>\n\n\n\n<ul class=\"wp-block-list has-small-font-size\">\n<li>Anima\u00e7\u00e3o;<\/li>\n\n\n\n<li>Alimenta\u00e7\u00e3o;<\/li>\n\n\n\n<li>Transporte;<\/li>\n\n\n\n<li>Lavandaria;<\/li>\n\n\n\n<li>Higiene pessoal;<\/li>\n<\/ul>\n\n\n\n<p><strong>Atividades<\/strong><\/p>\n\n\n\n<ul class=\"wp-block-list has-small-font-size\">\n<li>Boccia*;<\/li>\n\n\n\n<li>Gin\u00e1stica*;<\/li>\n\n\n\n<li>M\u00fasica;<\/li>\n\n\n\n<li>Hidrogin\u00e1stica;<\/li>\n\n\n\n<li>Inform\u00e1tica;<\/li>\n\n\n\n<li>Passeios\/visitas*;<\/li>\n\n\n\n<li>Trabalhos manuais;<\/li>\n<\/ul>\n\n\n\n<p><sup>*Atividades gratuitas ou apoiadas em parceria com a C\u00e2mara Municipal de Lousada<\/sup><\/p>\n\n\n\n<figure class=\"wp-block-gallery has-nested-images columns-default is-cropped wp-block-gallery-1 is-layout-flex wp-block-gallery-is-layout-flex\">\n<figure class=\"wp-block-image size-medium is-style-default\"><img loading=\"lazy\" decoding=\"async\" width=\"300\" height=\"200\" data-id=\"1144\" data-src=\"https:\/\/complexosociallousada.pt\/wp-content\/uploads\/2022\/08\/283968310_3189877161287493_3993884093023464860_n-300x200.jpg\" alt=\"\" class=\"wp-image-1144 lazyload\" data-srcset=\"https:\/\/complexosociallousada.pt\/wp-content\/uploads\/2022\/08\/283968310_3189877161287493_3993884093023464860_n-300x200.jpg 300w, https:\/\/complexosociallousada.pt\/wp-content\/uploads\/2022\/08\/283968310_3189877161287493_3993884093023464860_n-1024x683.jpg 1024w, https:\/\/complexosociallousada.pt\/wp-content\/uploads\/2022\/08\/283968310_3189877161287493_3993884093023464860_n-768x512.jpg 768w, https:\/\/complexosociallousada.pt\/wp-content\/uploads\/2022\/08\/283968310_3189877161287493_3993884093023464860_n-1536x1024.jpg 1536w, https:\/\/complexosociallousada.pt\/wp-content\/uploads\/2022\/08\/283968310_3189877161287493_3993884093023464860_n-930x620.jpg 930w, https:\/\/complexosociallousada.pt\/wp-content\/uploads\/2022\/08\/283968310_3189877161287493_3993884093023464860_n.jpg 2048w\" data-sizes=\"auto, (max-width: 300px) 100vw, 300px\" src=\"data:image\/gif;base64,R0lGODlhAQABAAAAACH5BAEKAAEALAAAAAABAAEAAAICTAEAOw==\" style=\"--smush-placeholder-width: 300px; --smush-placeholder-aspect-ratio: 300\/200;\" \/><noscript><img loading=\"lazy\" decoding=\"async\" width=\"300\" height=\"200\" data-id=\"1144\" src=\"https:\/\/complexosociallousada.pt\/wp-content\/uploads\/2022\/08\/283968310_3189877161287493_3993884093023464860_n-300x200.jpg\" alt=\"\" class=\"wp-image-1144\" srcset=\"https:\/\/complexosociallousada.pt\/wp-content\/uploads\/2022\/08\/283968310_3189877161287493_3993884093023464860_n-300x200.jpg 300w, https:\/\/complexosociallousada.pt\/wp-content\/uploads\/2022\/08\/283968310_3189877161287493_3993884093023464860_n-1024x683.jpg 1024w, https:\/\/complexosociallousada.pt\/wp-content\/uploads\/2022\/08\/283968310_3189877161287493_3993884093023464860_n-768x512.jpg 768w, https:\/\/complexosociallousada.pt\/wp-content\/uploads\/2022\/08\/283968310_3189877161287493_3993884093023464860_n-1536x1024.jpg 1536w, https:\/\/complexosociallousada.pt\/wp-content\/uploads\/2022\/08\/283968310_3189877161287493_3993884093023464860_n-930x620.jpg 930w, https:\/\/complexosociallousada.pt\/wp-content\/uploads\/2022\/08\/283968310_3189877161287493_3993884093023464860_n.jpg 2048w\" sizes=\"auto, (max-width: 300px) 100vw, 300px\" \/><\/noscript><\/figure>\n<\/figure>\n\n\n\n<p><\/p>\n","protected":false},"excerpt":{"rendered":"<p>Teve in\u00edcio em 2009 com o Clube S\u00e9nior. \u00c9 um projeto de lazer e ocupa\u00e7\u00e3o do tempo livre com o objetivo de combater o isolamento e a solid\u00e3o, bem como, promover um envelhecimento ativo inserindo o idoso na sua comunidade envolvente. Atualmente em parceria com a C\u00e2mara Municipal de Lousada. Visa&nbsp;a cria\u00e7\u00e3o de condi\u00e7\u00f5es que&hellip;&nbsp;<a href=\"https:\/\/complexosociallousada.pt\/?page_id=499\" class=\"\" rel=\"bookmark\">Ler mais &raquo;<span class=\"screen-reader-text\">Movimento S\u00e9nior<\/span><\/a><\/p>\n","protected":false},"author":1,"featured_media":1338,"parent":0,"menu_order":0,"comment_status":"closed","ping_status":"closed","template":"","meta":{"neve_meta_sidebar":"","neve_meta_container":"contained","neve_meta_enable_content_width":"","neve_meta_content_width":0,"neve_meta_title_alignment":"left","neve_meta_author_avatar":"","neve_post_elements_order":"","neve_meta_disable_header":"","neve_meta_disable_footer":"on","neve_meta_disable_title":"","_ti_tpc_template_sync":false,"_ti_tpc_template_id":"","footnotes":""},"class_list":["post-499","page","type-page","status-publish","has-post-thumbnail","hentry"],"_links":{"self":[{"href":"https:\/\/complexosociallousada.pt\/index.php?rest_route=\/wp\/v2\/pages\/499","targetHints":{"allow":["GET"]}}],"collection":[{"href":"https:\/\/complexosociallousada.pt\/index.php?rest_route=\/wp\/v2\/pages"}],"about":[{"href":"https:\/\/complexosociallousada.pt\/index.php?rest_route=\/wp\/v2\/types\/page"}],"author":[{"embeddable":true,"href":"https:\/\/complexosociallousada.pt\/index.php?rest_route=\/wp\/v2\/users\/1"}],"replies":[{"embeddable":true,"href":"https:\/\/complexosociallousada.pt\/index.php?rest_route=%2Fwp%2Fv2%2Fcomments&post=499"}],"version-history":[{"count":21,"href":"https:\/\/complexosociallousada.pt\/index.php?rest_route=\/wp\/v2\/pages\/499\/revisions"}],"predecessor-version":[{"id":7944,"href":"https:\/\/complexosociallousada.pt\/index.php?rest_route=\/wp\/v2\/pages\/499\/revisions\/7944"}],"wp:featuredmedia":[{"embeddable":true,"href":"https:\/\/complexosociallousada.pt\/index.php?rest_route=\/wp\/v2\/media\/1338"}],"wp:attachment":[{"href":"https:\/\/complexosociallousada.pt\/index.php?rest_route=%2Fwp%2Fv2%2Fmedia&parent=499"}],"curies":[{"name":"wp","href":"https:\/\/api.w.org\/{rel}","templated":true}]}}