{"id":4757,"date":"2024-09-04T13:29:17","date_gmt":"2024-09-04T13:29:17","guid":{"rendered":"https:\/\/complexosociallousada.pt\/?page_id=4757"},"modified":"2025-06-26T13:36:47","modified_gmt":"2025-06-26T13:36:47","slug":"coimas-e-contra-ordenacoes","status":"publish","type":"page","link":"https:\/\/complexosociallousada.pt\/?page_id=4757","title":{"rendered":"Doar a sua multa"},"content":{"rendered":"\n<h4 class=\"wp-block-heading has-large-font-size\">Transforme a sua multa em ajuda solid\u00e1ria!<\/h4>\n\n\n\n<p style=\"font-size:15px;font-style:normal;font-weight:200\"><strong>Se for multado,\u00a0pode doar a sua multa a uma Institui\u00e7\u00e3o Particular de Solidariedade Social (IPSS), inv\u00e9s de pagar directamente ao Estado,\u00a0colaborando com a causa do COMPLEXO SOCIAL DE LOUSADA do Centro Social e Paroquial de Macieira de Lousada<\/strong>.<\/p>\n\n\n\n<p style=\"font-size:15px;font-style:normal;font-weight:200\">Nos processos com suspens\u00e3o provis\u00f3ria e preenchidos os&nbsp;pressupostos legais com a concord\u00e2ncia das partes podem ser impostos ao arguido a seguinte regra de conduta \u201cEntregar ao Estado ou a institui\u00e7\u00f5es privadas de solidariedade social certa quantia ou efectuar presta\u00e7\u00e3o de servi\u00e7o de interesse p\u00fablico\u201d (Segundo o artigo n.\u00ba 281 n.\u00ba 2, al. c) do C\u00f3digo de Processo Penal, pela redac\u00e7\u00e3o conferida pela Lei n.\u00ba 48\/2007, de 29 de Agosto, com entrada em vigor a 15 de Setembro de 2007).<\/p>\n\n\n\n<p style=\"font-size:15px;font-style:normal;font-weight:200\"><strong>\u00c9 uma solu\u00e7\u00e3o respeitante a multas decretadas pelos tribunais, relativas a&nbsp;crimes de menor gravidade, como condu\u00e7\u00e3o sob efeito de \u00e1lcool. Neste casos, o arguido inv\u00e9s de pagar ao Estado, pode propor como forma de cumprimento da injun\u00e7\u00e3o imposta,&nbsp; com a homologa\u00e7\u00e3o do juiz, a entrega da quantia que lhe for determinada como donativo a favor da nossa institui\u00e7\u00e3o.<\/strong><\/p>\n\n\n\n<p style=\"font-size:15px;font-style:normal;font-weight:200\">Ap\u00f3s pagamento, pe\u00e7a no<strong> Centro Social e Paroquial de Macieira o recibo do seu donativo<\/strong>. O mesmo&nbsp;<strong>far\u00e1 a prova junto do tribuna<\/strong>l, de que a multa est\u00e1 liquidada, juntamente com o n\u00famero de identifica\u00e7\u00e3o do processo e do Cart\u00e3o de Cidad\u00e3o.<\/p>\n\n\n\n<p class=\"has-medium-font-size\">Ajude na nossa miss\u00e3o!<\/p>\n\n\n\n<p style=\"font-size:15px;font-style:normal;font-weight:200\">Ao contribuir com o seu donativo&nbsp;<strong>atrav\u00e9s de transfer\u00eancia banc\u00e1ria<\/strong>&nbsp;dever\u00e1 informar atrav\u00e9s de e-mail o Centro Social e Paroquial de Macieira (geral@complexosociallousada.pt) do montante doado, da data em que efectuou a transfer\u00eancia banc\u00e1ria, da sua morada completa e do n\u00famero fiscal de contribuinte, para que lhe possa ser remetido o respectivo recibo.<\/p>\n\n\n\n<p>IBAN NOVO BANCO:<br>PT50 0007 0000 0064 3997 7452 3<\/p>\n\n\n\n<p>Na descri\u00e7\u00e3o:<br>Coloque o primeiro e \u00faltimo nome<\/p>\n\n\n\n<p class=\"has-text-align-left\">Em caso de d\u00favidas n\u00e3o hesite em contatar:<\/p>\n\n\n\n<p class=\"has-text-align-center has-small-font-size\" style=\"font-style:normal;font-weight:500\"><strong><i class=\"fas fa-phone-alt\"><\/i> <\/strong><a href=\"tel:255814103\" data-type=\"tel\" data-id=\"tel:255814103\"><strong>255 814 103<\/strong><\/a><br>(chamada para rede fixa nacional)<\/p>\n\n\n\n<p class=\"has-text-align-center has-small-font-size\" style=\"font-style:normal;font-weight:500\"><strong><i class=\"fas fa-phone-alt\"><\/i> <a href=\"tel:912015227\">912 015 227<\/a><\/strong><br>(chamada para rede m\u00f3vel nacional)<\/p>\n\n\n\n<p class=\"has-text-align-center has-small-font-size\" style=\"font-style:normal;font-weight:200\"><\/p>\n\n\n\n<p><\/p>\n\n\n\n<p class=\"has-text-align-center\"><i class=\"fas fa-envelope\"><\/i> <a href=\"mailto:geral@complexosociallousada.pt\" target=\"_blank\" rel=\"noreferrer noopener\">geral@complexosociallousada.pt<\/a><\/p>\n\n\n\n<p><\/p>\n","protected":false},"excerpt":{"rendered":"<p>Transforme a sua multa em ajuda solid\u00e1ria! Se for multado,\u00a0pode doar a sua multa a uma Institui\u00e7\u00e3o Particular de Solidariedade Social (IPSS), inv\u00e9s de pagar directamente ao Estado,\u00a0colaborando com a causa do COMPLEXO SOCIAL DE LOUSADA do Centro Social e Paroquial de Macieira de Lousada. Nos processos com suspens\u00e3o provis\u00f3ria e preenchidos os&nbsp;pressupostos legais com&hellip;&nbsp;<a href=\"https:\/\/complexosociallousada.pt\/?page_id=4757\" class=\"\" rel=\"bookmark\">Ler mais &raquo;<span class=\"screen-reader-text\">Doar a sua multa<\/span><\/a><\/p>\n","protected":false},"author":2,"featured_media":0,"parent":0,"menu_order":0,"comment_status":"closed","ping_status":"closed","template":"","meta":{"neve_meta_sidebar":"","neve_meta_container":"","neve_meta_enable_content_width":"","neve_meta_content_width":0,"neve_meta_title_alignment":"","neve_meta_author_avatar":"","neve_post_elements_order":"","neve_meta_disable_header":"","neve_meta_disable_footer":"on","neve_meta_disable_title":"","_ti_tpc_template_sync":false,"_ti_tpc_template_id":"","footnotes":""},"class_list":["post-4757","page","type-page","status-publish","hentry"],"_links":{"self":[{"href":"https:\/\/complexosociallousada.pt\/index.php?rest_route=\/wp\/v2\/pages\/4757","targetHints":{"allow":["GET"]}}],"collection":[{"href":"https:\/\/complexosociallousada.pt\/index.php?rest_route=\/wp\/v2\/pages"}],"about":[{"href":"https:\/\/complexosociallousada.pt\/index.php?rest_route=\/wp\/v2\/types\/page"}],"author":[{"embeddable":true,"href":"https:\/\/complexosociallousada.pt\/index.php?rest_route=\/wp\/v2\/users\/2"}],"replies":[{"embeddable":true,"href":"https:\/\/complexosociallousada.pt\/index.php?rest_route=%2Fwp%2Fv2%2Fcomments&post=4757"}],"version-history":[{"count":32,"href":"https:\/\/complexosociallousada.pt\/index.php?rest_route=\/wp\/v2\/pages\/4757\/revisions"}],"predecessor-version":[{"id":8259,"href":"https:\/\/complexosociallousada.pt\/index.php?rest_route=\/wp\/v2\/pages\/4757\/revisions\/8259"}],"wp:attachment":[{"href":"https:\/\/complexosociallousada.pt\/index.php?rest_route=%2Fwp%2Fv2%2Fmedia&parent=4757"}],"curies":[{"name":"wp","href":"https:\/\/api.w.org\/{rel}","templated":true}]}}