{"id":449,"date":"2021-12-10T17:38:25","date_gmt":"2021-12-10T17:38:25","guid":{"rendered":"https:\/\/complexosociallousada.pt\/?page_id=449"},"modified":"2025-03-13T14:17:44","modified_gmt":"2025-03-13T14:17:44","slug":"centro-de-atividades-de-tempos-livres-catl","status":"publish","type":"page","link":"https:\/\/complexosociallousada.pt\/?page_id=449","title":{"rendered":"CATL"},"content":{"rendered":"\n<p class=\"has-nv-light-bg-background-color has-background\" style=\"font-size:15px;font-style:normal;font-weight:200\">O Centro de Atividades de Tempos Livres (CATL) promove atividades socioculturais, educativas e l\u00fadicas, tendo em aten\u00e7\u00e3o um grupo de crian\u00e7as. Trata-se de um espa\u00e7o onde \u00e9 valorizada a autonomia de cada crian\u00e7a e a sua personalidade, incentivando a capacidade de relacionamento com o outro, com o grupo e com o meio envolvente, de forma a aumentar a sua autoestima, autoconceito e autonomia. S\u00e3o princ\u00edpios a liberdade, a criatividade, a colabora\u00e7\u00e3o, a espontaneidade e a empatia como fundamentais para o desenvolvimento da  crian\u00e7a.<\/p>\n\n\n\n<p><strong>Capacidade:&nbsp;<\/strong>50 crian\u00e7as<\/p>\n\n\n\n<p><strong>Hor\u00e1rio de funcionamento:&nbsp;<\/strong>7h30 \u00e1s 19h30<\/p>\n\n\n\n<p class=\"has-nv-c-1-background-color has-background\"><strong>CATL CL\u00c1SSICO<\/strong> (sem interrup\u00e7\u00f5es letivas)<\/p>\n\n\n\n<ul class=\"wp-block-list has-small-font-size\">\n<li>Refei\u00e7\u00f5es:<\/li>\n\n\n\n<li>Apoio ao Estudo;<\/li>\n\n\n\n<li>Sala de Estudo;<\/li>\n\n\n\n<li>Anima\u00e7\u00e3o Sociocultural;<\/li>\n\n\n\n<li>Col\u00f3nia de Praia;<\/li>\n\n\n\n<li>Semanas Ativas (Carnaval, P\u00e1scoa e Natal).<\/li>\n<\/ul>\n\n\n\n<p class=\"has-nv-c-1-background-color has-background\"><strong>CATL F\u00c9RIAS<\/strong> (per\u00edodos de f\u00e9rias escolares: Carnaval, P\u00e1scoa, Ver\u00e3o e Natal)<\/p>\n\n\n\n<ul class=\"wp-block-list has-small-font-size\">\n<li>Semanas Ativas;<\/li>\n\n\n\n<li>Col\u00f3nia de Praia;<\/li>\n\n\n\n<li>Anima\u00e7\u00e3o Sociocultural.<\/li>\n<\/ul>\n\n\n<div class=\"wp-block-image is-style-default\">\n<figure class=\"aligncenter size-large\"><img loading=\"lazy\" decoding=\"async\" width=\"1024\" height=\"462\" data-src=\"https:\/\/complexosociallousada.pt\/wp-content\/uploads\/2022\/08\/294357572_3226435410965001_7794947860914845943_n-1-1024x462.jpg\" alt=\"\" class=\"wp-image-1136 lazyload\" data-srcset=\"https:\/\/complexosociallousada.pt\/wp-content\/uploads\/2022\/08\/294357572_3226435410965001_7794947860914845943_n-1-1024x462.jpg 1024w, https:\/\/complexosociallousada.pt\/wp-content\/uploads\/2022\/08\/294357572_3226435410965001_7794947860914845943_n-1-300x135.jpg 300w, https:\/\/complexosociallousada.pt\/wp-content\/uploads\/2022\/08\/294357572_3226435410965001_7794947860914845943_n-1-768x346.jpg 768w, https:\/\/complexosociallousada.pt\/wp-content\/uploads\/2022\/08\/294357572_3226435410965001_7794947860914845943_n-1-1536x692.jpg 1536w, https:\/\/complexosociallousada.pt\/wp-content\/uploads\/2022\/08\/294357572_3226435410965001_7794947860914845943_n-1.jpg 2048w\" data-sizes=\"auto, (max-width: 1024px) 100vw, 1024px\" src=\"data:image\/gif;base64,R0lGODlhAQABAAAAACH5BAEKAAEALAAAAAABAAEAAAICTAEAOw==\" style=\"--smush-placeholder-width: 1024px; --smush-placeholder-aspect-ratio: 1024\/462;\" \/><noscript><img loading=\"lazy\" decoding=\"async\" width=\"1024\" height=\"462\" src=\"https:\/\/complexosociallousada.pt\/wp-content\/uploads\/2022\/08\/294357572_3226435410965001_7794947860914845943_n-1-1024x462.jpg\" alt=\"\" class=\"wp-image-1136\" srcset=\"https:\/\/complexosociallousada.pt\/wp-content\/uploads\/2022\/08\/294357572_3226435410965001_7794947860914845943_n-1-1024x462.jpg 1024w, https:\/\/complexosociallousada.pt\/wp-content\/uploads\/2022\/08\/294357572_3226435410965001_7794947860914845943_n-1-300x135.jpg 300w, https:\/\/complexosociallousada.pt\/wp-content\/uploads\/2022\/08\/294357572_3226435410965001_7794947860914845943_n-1-768x346.jpg 768w, https:\/\/complexosociallousada.pt\/wp-content\/uploads\/2022\/08\/294357572_3226435410965001_7794947860914845943_n-1-1536x692.jpg 1536w, https:\/\/complexosociallousada.pt\/wp-content\/uploads\/2022\/08\/294357572_3226435410965001_7794947860914845943_n-1.jpg 2048w\" sizes=\"auto, (max-width: 1024px) 100vw, 1024px\" \/><\/noscript><\/figure>\n<\/div>\n\n\n<p><\/p>\n","protected":false},"excerpt":{"rendered":"<p>O Centro de Atividades de Tempos Livres (CATL) promove atividades socioculturais, educativas e l\u00fadicas, tendo em aten\u00e7\u00e3o um grupo de crian\u00e7as. Trata-se de um espa\u00e7o onde \u00e9 valorizada a autonomia de cada crian\u00e7a e a sua personalidade, incentivando a capacidade de relacionamento com o outro, com o grupo e com o meio envolvente, de forma&hellip;&nbsp;<a href=\"https:\/\/complexosociallousada.pt\/?page_id=449\" class=\"\" rel=\"bookmark\">Ler mais &raquo;<span class=\"screen-reader-text\">CATL<\/span><\/a><\/p>\n","protected":false},"author":1,"featured_media":1134,"parent":0,"menu_order":0,"comment_status":"closed","ping_status":"closed","template":"","meta":{"neve_meta_sidebar":"","neve_meta_container":"","neve_meta_enable_content_width":"","neve_meta_content_width":0,"neve_meta_title_alignment":"","neve_meta_author_avatar":"","neve_post_elements_order":"","neve_meta_disable_header":"","neve_meta_disable_footer":"on","neve_meta_disable_title":"","_ti_tpc_template_sync":false,"_ti_tpc_template_id":"","footnotes":""},"class_list":["post-449","page","type-page","status-publish","has-post-thumbnail","hentry"],"_links":{"self":[{"href":"https:\/\/complexosociallousada.pt\/index.php?rest_route=\/wp\/v2\/pages\/449","targetHints":{"allow":["GET"]}}],"collection":[{"href":"https:\/\/complexosociallousada.pt\/index.php?rest_route=\/wp\/v2\/pages"}],"about":[{"href":"https:\/\/complexosociallousada.pt\/index.php?rest_route=\/wp\/v2\/types\/page"}],"author":[{"embeddable":true,"href":"https:\/\/complexosociallousada.pt\/index.php?rest_route=\/wp\/v2\/users\/1"}],"replies":[{"embeddable":true,"href":"https:\/\/complexosociallousada.pt\/index.php?rest_route=%2Fwp%2Fv2%2Fcomments&post=449"}],"version-history":[{"count":28,"href":"https:\/\/complexosociallousada.pt\/index.php?rest_route=\/wp\/v2\/pages\/449\/revisions"}],"predecessor-version":[{"id":7937,"href":"https:\/\/complexosociallousada.pt\/index.php?rest_route=\/wp\/v2\/pages\/449\/revisions\/7937"}],"wp:featuredmedia":[{"embeddable":true,"href":"https:\/\/complexosociallousada.pt\/index.php?rest_route=\/wp\/v2\/media\/1134"}],"wp:attachment":[{"href":"https:\/\/complexosociallousada.pt\/index.php?rest_route=%2Fwp%2Fv2%2Fmedia&parent=449"}],"curies":[{"name":"wp","href":"https:\/\/api.w.org\/{rel}","templated":true}]}}