{"id":3987,"date":"2026-04-01T00:59:00","date_gmt":"2026-04-01T00:59:00","guid":{"rendered":"https:\/\/complexosociallousada.pt\/?page_id=371"},"modified":"2026-03-30T12:02:25","modified_gmt":"2026-03-30T12:02:25","slug":"inscricoes-abril-24-2","status":"publish","type":"page","link":"https:\/\/complexosociallousada.pt\/?page_id=3987","title":{"rendered":"INSCRI\u00c7\u00d5ES CRECHE 26\/27"},"content":{"rendered":"\n<div class=\"wp-block-columns alignfull is-layout-flex wp-container-core-columns-is-layout-9d6595d7 wp-block-columns-is-layout-flex\">\n<div class=\"wp-block-column is-layout-flow wp-block-column-is-layout-flow\" style=\"flex-basis:100%\">\n<div class=\"wp-block-columns alignwide has-medium-font-size is-layout-flex wp-container-core-columns-is-layout-9d6595d7 wp-block-columns-is-layout-flex\">\n<div class=\"wp-block-column is-layout-flow wp-block-column-is-layout-flow\" style=\"flex-basis:100%\">\n<div class=\"wp-block-group\"><div class=\"wp-block-group__inner-container is-layout-flow wp-block-group-is-layout-flow\">\n<div class=\"wp-block-columns has-small-font-size is-layout-flex wp-container-core-columns-is-layout-9d6595d7 wp-block-columns-is-layout-flex\">\n<div class=\"wp-block-column has-small-font-size is-layout-flow wp-block-column-is-layout-flow\" style=\"flex-basis:66.66%\"><div class=\"wpforms-container wpforms-container-full wpforms-block wpforms-block-9dfb0dd8-0874-48af-b2af-adc604a42049\" id=\"wpforms-3701\"><form id=\"wpforms-form-3701\" class=\"wpforms-validate wpforms-form wpforms-ajax-form\" data-formid=\"3701\" method=\"post\" enctype=\"multipart\/form-data\" action=\"\/index.php?rest_route=%2Fwp%2Fv2%2Fpages%2F3987\" data-token=\"25d720b7858ee430a6fbfc83fe5c5c20\" data-token-time=\"1776363120\"><noscript class=\"wpforms-error-noscript\">Please enable JavaScript in your browser to complete this form.<\/noscript><div class=\"wpforms-field-container\"><div id=\"wpforms-3701-field_22-container\" class=\"wpforms-field wpforms-field-name\" data-field-id=\"22\"><label class=\"wpforms-field-label\" for=\"wpforms-3701-field_22\">Nome do Encarregado de Educa\u00e7\u00e3o <span class=\"wpforms-required-label\">*<\/span><\/label><input type=\"text\" id=\"wpforms-3701-field_22\" class=\"wpforms-field-medium wpforms-field-required\" name=\"wpforms[fields][22]\" required><\/div><div id=\"wpforms-3701-field_1-container\" class=\"wpforms-field wpforms-field-email\" data-field-id=\"1\"><label class=\"wpforms-field-label\" for=\"wpforms-3701-field_1\">Email <span class=\"wpforms-required-label\">*<\/span><\/label><input type=\"email\" id=\"wpforms-3701-field_1\" class=\"wpforms-field-medium wpforms-field-required\" name=\"wpforms[fields][1]\" spellcheck=\"false\" required><\/div><div id=\"wpforms-3701-field_13-container\" class=\"wpforms-field wpforms-field-number\" data-field-id=\"13\"><label class=\"wpforms-field-label\" for=\"wpforms-3701-field_13\">Contato telef\u00f3nico <span class=\"wpforms-required-label\">*<\/span><\/label><input type=\"number\" id=\"wpforms-3701-field_13\" class=\"wpforms-field-small wpforms-field-required\" name=\"wpforms[fields][13]\" required><\/div><div id=\"wpforms-3701-field_14-container\" class=\"wpforms-field wpforms-field-name\" data-field-id=\"14\"><label class=\"wpforms-field-label\" for=\"wpforms-3701-field_14\">Nome da crian\u00e7a <span class=\"wpforms-required-label\">*<\/span><\/label><input type=\"text\" id=\"wpforms-3701-field_14\" class=\"wpforms-field-medium wpforms-field-required\" name=\"wpforms[fields][14]\" required><\/div><div id=\"wpforms-3701-field_19-container\" class=\"wpforms-field wpforms-field-number\" data-field-id=\"19\"><label class=\"wpforms-field-label\" for=\"wpforms-3701-field_19\">Data de nascimento da crian\u00e7a <span class=\"wpforms-required-label\">*<\/span><\/label><input type=\"number\" id=\"wpforms-3701-field_19\" class=\"wpforms-field-small wpforms-field-required\" name=\"wpforms[fields][19]\" required><div class=\"wpforms-field-description\">aaaa\/mm\/dd<\/div><\/div><div id=\"wpforms-3701-field_16-container\" class=\"wpforms-field wpforms-field-name\" data-field-id=\"16\"><label class=\"wpforms-field-label\" for=\"wpforms-3701-field_16\">Morada da crian\u00e7a <span class=\"wpforms-required-label\">*<\/span><\/label><div class=\"wpforms-field-row wpforms-field-large\"><div class=\"wpforms-field-row-block wpforms-first wpforms-two-fifths\"><input type=\"text\" id=\"wpforms-3701-field_16\" class=\"wpforms-field-name-first wpforms-field-required\" name=\"wpforms[fields][16][first]\" placeholder=\"Rua\" required><label for=\"wpforms-3701-field_16\" class=\"wpforms-field-sublabel after\">First<\/label><\/div><div class=\"wpforms-field-row-block wpforms-one-fifth\"><input type=\"text\" id=\"wpforms-3701-field_16-middle\" class=\"wpforms-field-name-middle\" name=\"wpforms[fields][16][middle]\" placeholder=\"Freguesia\" ><label for=\"wpforms-3701-field_16-middle\" class=\"wpforms-field-sublabel after\">Middle<\/label><\/div><div class=\"wpforms-field-row-block wpforms-two-fifths\"><input type=\"text\" id=\"wpforms-3701-field_16-last\" class=\"wpforms-field-name-last wpforms-field-required\" name=\"wpforms[fields][16][last]\" placeholder=\"C\u00f3digo postal - Cidade\" required><label for=\"wpforms-3701-field_16-last\" class=\"wpforms-field-sublabel after\">Last<\/label><\/div><\/div><\/div><div id=\"wpforms-3701-field_18-container\" class=\"wpforms-field wpforms-field-checkbox\" data-field-id=\"18\"><label class=\"wpforms-field-label\">Crit\u00e9rios de admiss\u00e3o e prioriza\u00e7\u00e3o (selecione)<\/label><ul id=\"wpforms-3701-field_18\"><li class=\"choice-1 depth-1\"><input type=\"checkbox\" id=\"wpforms-3701-field_18_1\" name=\"wpforms[fields][18][]\" value=\"A - Crian\u00e7as com maior vulnerabilidade econ\u00f3mica e social;\"  ><label class=\"wpforms-field-label-inline\" for=\"wpforms-3701-field_18_1\">A &#8211; Crian\u00e7as com maior vulnerabilidade econ\u00f3mica e social;<\/label><\/li><li class=\"choice-2 depth-1\"><input type=\"checkbox\" id=\"wpforms-3701-field_18_2\" name=\"wpforms[fields][18][]\" value=\"B - Crian\u00e7as que frequentaram a Creche no ano anterior;\"  ><label class=\"wpforms-field-label-inline\" for=\"wpforms-3701-field_18_2\">B &#8211; Crian\u00e7as que frequentaram a Creche no ano anterior;<\/label><\/li><li class=\"choice-3 depth-1\"><input type=\"checkbox\" id=\"wpforms-3701-field_18_3\" name=\"wpforms[fields][18][]\" value=\"C- Crian\u00e7as com defici\u00eancia\/incapacidade;\"  ><label class=\"wpforms-field-label-inline\" for=\"wpforms-3701-field_18_3\">C- Crian\u00e7as com defici\u00eancia\/incapacidade;<\/label><\/li><li class=\"choice-4 depth-1\"><input type=\"checkbox\" id=\"wpforms-3701-field_18_4\" name=\"wpforms[fields][18][]\" value=\"D - Crian\u00e7as filhos de m\u00e3es e pais estudantes menores, ou benefici\u00e1rios de assist\u00eancia pessoal no \u00e2mbito do Apoio \u00e0 Vida Independente ou reconhecido como cuidador informal principal, ou crian\u00e7as em situa\u00e7\u00e3o de acolhimento ou em casa abrigo;\"  ><label class=\"wpforms-field-label-inline\" for=\"wpforms-3701-field_18_4\">D &#8211; Crian\u00e7as filhos de m\u00e3es e pais estudantes menores, ou benefici\u00e1rios de assist\u00eancia pessoal no \u00e2mbito do Apoio \u00e0 Vida Independente ou reconhecido como cuidador informal principal, ou crian\u00e7as em situa\u00e7\u00e3o de acolhimento ou em casa abrigo;<\/label><\/li><li class=\"choice-5 depth-1\"><input type=\"checkbox\" id=\"wpforms-3701-field_18_5\" name=\"wpforms[fields][18][]\" value=\"E - Crian\u00e7as com irm\u00e3os, que comprovadamente perten\u00e7am ao mesmo agregado familiar, que frequentam a resposta social;\"  ><label class=\"wpforms-field-label-inline\" for=\"wpforms-3701-field_18_5\">E &#8211; Crian\u00e7as com irm\u00e3os, que comprovadamente perten\u00e7am ao mesmo agregado familiar, que frequentam a resposta social;<\/label><\/li><li class=\"choice-6 depth-1\"><input type=\"checkbox\" id=\"wpforms-3701-field_18_6\" name=\"wpforms[fields][18][]\" value=\"F - Crian\u00e7as benefici\u00e1rias da presta\u00e7\u00e3o social Garantia para a Inf\u00e2ncia e\/ou com abono de fam\u00edlia para crian\u00e7as e jovens (1.\u00ba e 2.\u00ba escal\u00f5es), cujos encarregados de educa\u00e7\u00e3o residam, comprovadamente, na \u00e1rea de influ\u00eancia da resposta social;\"  ><label class=\"wpforms-field-label-inline\" for=\"wpforms-3701-field_18_6\">F &#8211; Crian\u00e7as benefici\u00e1rias da presta\u00e7\u00e3o social Garantia para a Inf\u00e2ncia e\/ou com abono de fam\u00edlia para crian\u00e7as e jovens (1.\u00ba e 2.\u00ba escal\u00f5es), cujos encarregados de educa\u00e7\u00e3o residam, comprovadamente, na \u00e1rea de influ\u00eancia da resposta social;<\/label><\/li><li class=\"choice-7 depth-1\"><input type=\"checkbox\" id=\"wpforms-3701-field_18_7\" name=\"wpforms[fields][18][]\" value=\"G - Crian\u00e7as benefici\u00e1rias da presta\u00e7\u00e3o social Garantia para a Inf\u00e2ncia e\/ou com abono de fam\u00edlia para crian\u00e7as e jovens (1.\u00ba e 2.\u00ba escal\u00f5es), cujos encarregados de educa\u00e7\u00e3o desenvolvam a atividade profissional, comprovadamente, na \u00e1rea de influ\u00eancia da resposta social;\"  ><label class=\"wpforms-field-label-inline\" for=\"wpforms-3701-field_18_7\">G &#8211; Crian\u00e7as benefici\u00e1rias da presta\u00e7\u00e3o social Garantia para a Inf\u00e2ncia e\/ou com abono de fam\u00edlia para crian\u00e7as e jovens (1.\u00ba e 2.\u00ba escal\u00f5es), cujos encarregados de educa\u00e7\u00e3o desenvolvam a atividade profissional, comprovadamente, na \u00e1rea de influ\u00eancia da resposta social;<\/label><\/li><li class=\"choice-8 depth-1\"><input type=\"checkbox\" id=\"wpforms-3701-field_18_8\" name=\"wpforms[fields][18][]\" value=\"H - Crian\u00e7as em agregados monoparentais ou fam\u00edlias numerosas, cujos encarregados de educa\u00e7\u00e3o residam, comprovadamente, na \u00e1rea de influ\u00eancia da resposta social;\"  ><label class=\"wpforms-field-label-inline\" for=\"wpforms-3701-field_18_8\">H &#8211; Crian\u00e7as em agregados monoparentais ou fam\u00edlias numerosas, cujos encarregados de educa\u00e7\u00e3o residam, comprovadamente, na \u00e1rea de influ\u00eancia da resposta social;<\/label><\/li><li class=\"choice-9 depth-1\"><input type=\"checkbox\" id=\"wpforms-3701-field_18_9\" name=\"wpforms[fields][18][]\" value=\"I - Crian\u00e7as cujos encarregados de educa\u00e7\u00e3o residam, comprovadamente, na \u00e1rea de influ\u00eancia da resposta social;\"  ><label class=\"wpforms-field-label-inline\" for=\"wpforms-3701-field_18_9\">I &#8211; Crian\u00e7as cujos encarregados de educa\u00e7\u00e3o residam, comprovadamente, na \u00e1rea de influ\u00eancia da resposta social;<\/label><\/li><li class=\"choice-10 depth-1\"><input type=\"checkbox\" id=\"wpforms-3701-field_18_10\" name=\"wpforms[fields][18][]\" value=\"J - Crian\u00e7as em agregados monoparentais ou fam\u00edlias numerosas cujos encarregados de educa\u00e7\u00e3o desenvolvam a atividade profissional, comprovadamente, na \u00e1rea de influ\u00eancia da resposta social;\"  ><label class=\"wpforms-field-label-inline\" for=\"wpforms-3701-field_18_10\">J &#8211; Crian\u00e7as em agregados monoparentais ou fam\u00edlias numerosas cujos encarregados de educa\u00e7\u00e3o desenvolvam a atividade profissional, comprovadamente, na \u00e1rea de influ\u00eancia da resposta social;<\/label><\/li><li class=\"choice-11 depth-1\"><input type=\"checkbox\" id=\"wpforms-3701-field_18_11\" name=\"wpforms[fields][18][]\" value=\"K - Crian\u00e7as cujos encarregados de educa\u00e7\u00e3o desenvolvam a atividade profissional, comprovadamente, na \u00e1rea de influ\u00eancia da resposta social.\"  ><label class=\"wpforms-field-label-inline\" for=\"wpforms-3701-field_18_11\">K &#8211; Crian\u00e7as cujos encarregados de educa\u00e7\u00e3o desenvolvam a atividade profissional, comprovadamente, na \u00e1rea de influ\u00eancia da resposta social.<\/label><\/li><\/ul><\/div><div id=\"wpforms-3701-field_6-container\" class=\"wpforms-field wpforms-field-checkbox\" data-field-id=\"6\"><label class=\"wpforms-field-label\">Termos e condi\u00e7\u00f5es <span class=\"wpforms-required-label\">*<\/span><\/label><ul id=\"wpforms-3701-field_6\" class=\"wpforms-field-required\"><li class=\"choice-1 depth-1\"><input type=\"checkbox\" id=\"wpforms-3701-field_6_1\" name=\"wpforms[fields][6][]\" value=\"Aceito\" required ><label class=\"wpforms-field-label-inline\" for=\"wpforms-3701-field_6_1\">Aceito<\/label><\/li><\/ul><\/div><\/div><!-- .wpforms-field-container --><div class=\"wpforms-submit-container\" ><input type=\"hidden\" name=\"wpforms[id]\" value=\"3701\"><input type=\"hidden\" name=\"page_title\" value=\"\"><input type=\"hidden\" name=\"page_url\" value=\"https:\/\/complexosociallousada.pt\/index.php?rest_route=%2Fwp%2Fv2%2Fpages%2F3987\"><button type=\"submit\" name=\"wpforms[submit]\" id=\"wpforms-submit-3701\" class=\"wpforms-submit\" data-alt-text=\"A enviar\" data-submit-text=\"Enviar\" aria-live=\"assertive\" value=\"wpforms-submit\">Enviar<\/button><img loading=\"lazy\" decoding=\"async\" data-src=\"https:\/\/complexosociallousada.pt\/wp-content\/plugins\/wpforms-lite\/assets\/images\/submit-spin.svg\" class=\"wpforms-submit-spinner lazyload\" style=\"--smush-placeholder-width: 26px; --smush-placeholder-aspect-ratio: 26\/26;display: none;\" width=\"26\" height=\"26\" alt=\"Loading\" src=\"data:image\/gif;base64,R0lGODlhAQABAAAAACH5BAEKAAEALAAAAAABAAEAAAICTAEAOw==\"><noscript><img loading=\"lazy\" decoding=\"async\" src=\"https:\/\/complexosociallousada.pt\/wp-content\/plugins\/wpforms-lite\/assets\/images\/submit-spin.svg\" class=\"wpforms-submit-spinner\" style=\"display: none;\" width=\"26\" height=\"26\" alt=\"Loading\"><\/noscript><\/div><\/form><\/div>  <!-- .wpforms-container --><\/div>\n<\/div>\n<\/div><\/div>\n<\/div>\n<\/div>\n<\/div>\n<\/div>\n\n\n\n<p><\/p>\n\n\n\n<p><strong>Termos e Condi\u00e7\u00f5es \u2013 Pr\u00e9-inscri\u00e7\u00e3o na Creche<\/strong><\/p>\n\n\n\n<ol class=\"wp-block-list\">\n<li class=\"has-small-font-size\" style=\"font-style:normal;font-weight:100\"><strong>Objetivo da pr\u00e9-inscri\u00e7\u00e3o<\/strong>:<br>A pr\u00e9-inscri\u00e7\u00e3o est\u00e1 a ser realizada com o objetivo de inscrever crian\u00e7as para uma vaga na creche do Centro Social e Paroquial de Macieira de Lousada, adiante designada por institui\u00e7\u00e3o.<\/li>\n\n\n\n<li class=\"has-small-font-size\" style=\"font-style:normal;font-weight:100\"><strong>Autenticidade das Informa\u00e7\u00f5es:<\/strong><br>O utilizador confirma que todas as informa\u00e7\u00f5es fornecidas no formul\u00e1rio de pr\u00e9-inscri\u00e7\u00e3o s\u00e3o verdadeiras, completas e precisas.<br>A falsifica\u00e7\u00e3o ou omiss\u00e3o de informa\u00e7\u00f5es poder\u00e1 resultar na exclus\u00e3o da pr\u00e9-inscri\u00e7\u00e3o.<\/li>\n\n\n\n<li class=\"has-small-font-size\" style=\"font-style:normal;font-weight:100\"><strong>A pr\u00e9-inscri\u00e7\u00e3o<\/strong><br>A pr\u00e9-inscri\u00e7\u00e3o tem car\u00e1cter obrigat\u00f3rio e efetua-se com o preenchimento e envio do formul\u00e1rio dispon\u00edvel no site <a href=\"https:\/\/complexosociallousada.pt\">https:\/\/complexosociallousada.pt<\/a>.<br>O utilizador receber\u00e1 o comprovativo da pr\u00e9-inscri\u00e7\u00e3o por email;<\/li>\n\n\n\n<li class=\"has-small-font-size\" style=\"font-style:normal;font-weight:100\"><strong>Privacidade e Prote\u00e7\u00e3o de Dados:<\/strong><br>A institui\u00e7\u00e3o compromete-se a proteger a privacidade dos dados pessoais fornecidos pelo utilizador durante o processo de pr\u00e9-inscri\u00e7\u00e3o, conforme a Lei Geral de Prote\u00e7\u00e3o de Dados (LGPD) ou regulamenta\u00e7\u00f5es de privacidade aplic\u00e1veis.<br>Os dados ser\u00e3o utilizados exclusivamente para fins relacionados ao processo de pr\u00e9-inscri\u00e7\u00e3o e sele\u00e7\u00e3o.<\/li>\n\n\n\n<li class=\"has-small-font-size\" style=\"font-style:normal;font-weight:100\"><strong>Processo de sele\u00e7\u00e3o:<\/strong><br>A pr\u00e9-inscri\u00e7\u00e3o n\u00e3o garante a admiss\u00e3o na creche.<br>A institui\u00e7\u00e3o reserva-se o direito de selecionar, perante os crit\u00e9rios de prioridade, os candidatos que ir\u00e3o avan\u00e7ar nas fases subsequentes.<\/li>\n\n\n\n<li class=\"has-small-font-size\" style=\"font-style:normal;font-weight:100\"><strong>Crit\u00e9rios de admiss\u00e3o e prioriza\u00e7\u00e3o:<\/strong><br>A &#8211; Crian\u00e7as com maior vulnerabilidade econ\u00f3mica e social;<br>B &#8211; Crian\u00e7as que frequentaram a Creche no ano anterior;<br>C- Crian\u00e7as com defici\u00eancia\/incapacidade;<br>D &#8211; Crian\u00e7as filhos de m\u00e3es e pais estudantes menores, ou benefici\u00e1rios de assist\u00eancia pessoal no \u00e2mbito do Apoio \u00e0 Vida Independente ou reconhecido como cuidador informal principal, ou crian\u00e7as em situa\u00e7\u00e3o de acolhimento ou em casa abrigo;<br>E &#8211; Crian\u00e7as com irm\u00e3os, que comprovadamente perten\u00e7am ao mesmo agregado familiar, que frequentam a resposta social;<br>F &#8211; Crian\u00e7as benefici\u00e1rias da presta\u00e7\u00e3o social Garantia para a Inf\u00e2ncia e\/ou com abono de fam\u00edlia para crian\u00e7as e jovens (1.\u00ba e 2.\u00ba escal\u00f5es), cujos encarregados de educa\u00e7\u00e3o residam, comprovadamente, na \u00e1rea de influ\u00eancia da resposta social;<br>G &#8211; Crian\u00e7as benefici\u00e1rias da presta\u00e7\u00e3o social Garantia para a Inf\u00e2ncia e\/ou com abono de fam\u00edlia para crian\u00e7as e jovens (1.\u00ba e 2.\u00ba escal\u00f5es), cujos encarregados de educa\u00e7\u00e3o desenvolvam a atividade profissional, comprovadamente, na \u00e1rea de influ\u00eancia da resposta social;<br>H &#8211; Crian\u00e7as em agregados monoparentais ou fam\u00edlias numerosas, cujos encarregados de educa\u00e7\u00e3o residam, comprovadamente, na \u00e1rea de influ\u00eancia da resposta social;<br>I &#8211; Crian\u00e7as cujos encarregados de educa\u00e7\u00e3o residam, comprovadamente, na \u00e1rea de influ\u00eancia da resposta social;<br>J &#8211; Crian\u00e7as em agregados monoparentais ou fam\u00edlias numerosas cujos encarregados de educa\u00e7\u00e3o desenvolvam a atividade profissional, comprovadamente, na \u00e1rea de influ\u00eancia da resposta social;<br>K &#8211; Crian\u00e7as cujos encarregados de educa\u00e7\u00e3o desenvolvam a atividade profissional, comprovadamente, na \u00e1rea de influ\u00eancia da resposta social.<\/li>\n\n\n\n<li class=\"has-small-font-size\" style=\"font-style:normal;font-weight:100\"><strong>Confidencialidade:<\/strong><br>Durante o processo de pr\u00e9-inscri\u00e7\u00e3o e sele\u00e7\u00e3o, todas as informa\u00e7\u00f5es recebidas ser\u00e3o tratadas como confidenciais e n\u00e3o ser\u00e3o compartilhadas com terceiros sem a autoriza\u00e7\u00e3o pr\u00e9via do utilizador, salvo exig\u00eancia legal.<\/li>\n\n\n\n<li class=\"has-small-font-size\" style=\"font-style:normal;font-weight:100\"><strong>Desist\u00eancia da pr\u00e9-inscri\u00e7\u00e3o:<\/strong><br>O utilizador pode desistir da pr\u00e9-inscri\u00e7\u00e3o a qualquer momento, bastando comunicar \u00e0 institui\u00e7\u00e3o de forma clara, por escrito, sobre sua decis\u00e3o de n\u00e3o prosseguir com o processo.<\/li>\n\n\n\n<li class=\"has-small-font-size\" style=\"font-style:normal;font-weight:100\"><strong>Altera\u00e7\u00f5es nos Termos:<\/strong><br>A institui\u00e7\u00e3o reserva-se o direito de alterar os termos e condi\u00e7\u00f5es a qualquer momento, com a devida comunica\u00e7\u00e3o aos utilizadores, caso haja necessidade de modifica\u00e7\u00f5es.<br>O utilizador dever\u00e1 verificar os termos regularmente.<\/li>\n\n\n\n<li class=\"has-small-font-size\" style=\"font-style:normal;font-weight:100\"><strong>Compromisso de N\u00e3o Discrimina\u00e7\u00e3o:<\/strong><br>A institui\u00e7\u00e3o assegura que o processo de pr\u00e9-inscri\u00e7\u00e3o e sele\u00e7\u00e3o ser\u00e1 conduzido de forma justa, sem discrimina\u00e7\u00e3o por motivo de g\u00eanero, ra\u00e7a, religi\u00e3o, orienta\u00e7\u00e3o sexual, defici\u00eancia ou qualquer outra condi\u00e7\u00e3o que n\u00e3o esteja relacionada \u00e0s qualifica\u00e7\u00f5es e habilita\u00e7\u00f5es necess\u00e1rias para a fun\u00e7\u00e3o.<\/li>\n\n\n\n<li class=\"has-small-font-size\" style=\"font-style:normal;font-weight:100\"><strong>Responsabilidade do utilizador:<\/strong><br>O utilizador \u00e9 respons\u00e1vel por manter seus dados atualizados e pela veracidade das informa\u00e7\u00f5es fornecidas no formul\u00e1rio.<br>A institui\u00e7\u00e3o n\u00e3o se responsabiliza por eventuais falhas no envio de documentos ou informa\u00e7\u00f5es.<\/li>\n\n\n\n<li class=\"has-small-font-size\" style=\"font-style:normal;font-weight:100\"><strong>Aceita\u00e7\u00e3o dos Termos:<\/strong><br>Ao enviar a pr\u00e9-inscri\u00e7\u00e3o, o utilizador declara que leu, compreendeu e concorda com todos os termos e condi\u00e7\u00f5es aqui&nbsp;estabelecidos.<\/li>\n<\/ol>\n","protected":false},"excerpt":{"rendered":"<p>Termos e Condi\u00e7\u00f5es \u2013 Pr\u00e9-inscri\u00e7\u00e3o na Creche<\/p>\n","protected":false},"author":2,"featured_media":3370,"parent":0,"menu_order":0,"comment_status":"closed","ping_status":"closed","template":"","meta":{"neve_meta_sidebar":"","neve_meta_container":"default","neve_meta_enable_content_width":"","neve_meta_content_width":0,"neve_meta_title_alignment":"left","neve_meta_author_avatar":"","neve_post_elements_order":"","neve_meta_disable_header":"","neve_meta_disable_footer":"on","neve_meta_disable_title":"","_ti_tpc_template_sync":false,"_ti_tpc_template_id":"","footnotes":""},"class_list":["post-3987","page","type-page","status-publish","has-post-thumbnail","hentry"],"_links":{"self":[{"href":"https:\/\/complexosociallousada.pt\/index.php?rest_route=\/wp\/v2\/pages\/3987","targetHints":{"allow":["GET"]}}],"collection":[{"href":"https:\/\/complexosociallousada.pt\/index.php?rest_route=\/wp\/v2\/pages"}],"about":[{"href":"https:\/\/complexosociallousada.pt\/index.php?rest_route=\/wp\/v2\/types\/page"}],"author":[{"embeddable":true,"href":"https:\/\/complexosociallousada.pt\/index.php?rest_route=\/wp\/v2\/users\/2"}],"replies":[{"embeddable":true,"href":"https:\/\/complexosociallousada.pt\/index.php?rest_route=%2Fwp%2Fv2%2Fcomments&post=3987"}],"version-history":[{"count":18,"href":"https:\/\/complexosociallousada.pt\/index.php?rest_route=\/wp\/v2\/pages\/3987\/revisions"}],"predecessor-version":[{"id":8839,"href":"https:\/\/complexosociallousada.pt\/index.php?rest_route=\/wp\/v2\/pages\/3987\/revisions\/8839"}],"wp:featuredmedia":[{"embeddable":true,"href":"https:\/\/complexosociallousada.pt\/index.php?rest_route=\/wp\/v2\/media\/3370"}],"wp:attachment":[{"href":"https:\/\/complexosociallousada.pt\/index.php?rest_route=%2Fwp%2Fv2%2Fmedia&parent=3987"}],"curies":[{"name":"wp","href":"https:\/\/api.w.org\/{rel}","templated":true}]}}