{"id":370,"date":"2021-12-10T14:42:48","date_gmt":"2021-12-10T14:42:48","guid":{"rendered":"https:\/\/complexosociallousada.pt\/?page_id=370"},"modified":"2025-06-26T13:37:10","modified_gmt":"2025-06-26T13:37:10","slug":"como-ajudar","status":"publish","type":"page","link":"https:\/\/complexosociallousada.pt\/?page_id=370","title":{"rendered":"Doar o seu IRS"},"content":{"rendered":"\n<div class=\"wp-block-columns alignwide has-nv-dark-bg-color has-text-color has-small-font-size is-layout-flex wp-container-core-columns-is-layout-9d6595d7 wp-block-columns-is-layout-flex\">\n<div class=\"wp-block-column has-nv-site-bg-background-color has-background is-layout-flow wp-block-column-is-layout-flow\">\n<p class=\"has-text-align-center has-nv-site-bg-color has-neve-link-hover-color-background-color has-text-color has-background has-medium-font-size\"><strong>D\u00ca 1,0% DO SEU IRS<\/strong><\/p>\n\n\n\n<figure class=\"wp-block-image size-large\"><img loading=\"lazy\" decoding=\"async\" width=\"1024\" height=\"450\" data-src=\"https:\/\/complexosociallousada.pt\/wp-content\/uploads\/2025\/06\/487454093_678060281402323_3092223945655017510_n-1024x450.jpg\" alt=\"\" class=\"wp-image-8235 lazyload\" data-srcset=\"https:\/\/complexosociallousada.pt\/wp-content\/uploads\/2025\/06\/487454093_678060281402323_3092223945655017510_n-1024x450.jpg 1024w, https:\/\/complexosociallousada.pt\/wp-content\/uploads\/2025\/06\/487454093_678060281402323_3092223945655017510_n-300x132.jpg 300w, https:\/\/complexosociallousada.pt\/wp-content\/uploads\/2025\/06\/487454093_678060281402323_3092223945655017510_n-768x337.jpg 768w, https:\/\/complexosociallousada.pt\/wp-content\/uploads\/2025\/06\/487454093_678060281402323_3092223945655017510_n-1536x674.jpg 1536w, https:\/\/complexosociallousada.pt\/wp-content\/uploads\/2025\/06\/487454093_678060281402323_3092223945655017510_n.jpg 1640w\" data-sizes=\"auto, (max-width: 1024px) 100vw, 1024px\" src=\"data:image\/gif;base64,R0lGODlhAQABAAAAACH5BAEKAAEALAAAAAABAAEAAAICTAEAOw==\" style=\"--smush-placeholder-width: 1024px; --smush-placeholder-aspect-ratio: 1024\/450;\" \/><noscript><img loading=\"lazy\" decoding=\"async\" width=\"1024\" height=\"450\" src=\"https:\/\/complexosociallousada.pt\/wp-content\/uploads\/2025\/06\/487454093_678060281402323_3092223945655017510_n-1024x450.jpg\" alt=\"\" class=\"wp-image-8235\" srcset=\"https:\/\/complexosociallousada.pt\/wp-content\/uploads\/2025\/06\/487454093_678060281402323_3092223945655017510_n-1024x450.jpg 1024w, https:\/\/complexosociallousada.pt\/wp-content\/uploads\/2025\/06\/487454093_678060281402323_3092223945655017510_n-300x132.jpg 300w, https:\/\/complexosociallousada.pt\/wp-content\/uploads\/2025\/06\/487454093_678060281402323_3092223945655017510_n-768x337.jpg 768w, https:\/\/complexosociallousada.pt\/wp-content\/uploads\/2025\/06\/487454093_678060281402323_3092223945655017510_n-1536x674.jpg 1536w, https:\/\/complexosociallousada.pt\/wp-content\/uploads\/2025\/06\/487454093_678060281402323_3092223945655017510_n.jpg 1640w\" sizes=\"auto, (max-width: 1024px) 100vw, 1024px\" \/><\/noscript><\/figure>\n\n\n\n<p style=\"font-size:15px;font-style:normal;font-weight:200\"><\/p>\n<\/div>\n\n\n\n<div class=\"wp-block-column has-nv-site-bg-background-color has-background is-layout-flow wp-block-column-is-layout-flow\">\n<p class=\"has-text-align-center has-nv-site-bg-color has-neve-link-hover-color-background-color has-text-color has-background has-medium-font-size\">FA\u00c7A <strong>DONATIVOS<\/strong><\/p>\n\n\n\n<p class=\"has-text-align-left has-nv-site-bg-background-color has-background\" style=\"font-size:15px;font-style:normal;font-weight:200\"><strong>Para efeitos de IRC, no valor correspondente a 140% do total. Fa\u00e7a a sua tranfer\u00eancia  do donativo para os seguintes IBAN ou MB WAY. Ser-lhe-\u00e1 enviado o respetico recibo.<\/strong><\/p>\n\n\n\n<p class=\"has-text-align-center has-large-font-size\">IBAN<\/p>\n\n\n\n<p class=\"has-text-align-center has-nv-light-bg-background-color has-background\" style=\"font-size:18px\">PT50 0007 0000 0064 3997 7452 3<\/p>\n\n\n\n<p class=\"has-text-align-center has-large-font-size\">MB WAY<\/p>\n\n\n\n<p class=\"has-text-align-center has-nv-light-bg-background-color has-background has-medium-font-size\"><i class=\"fas fa-phone-alt\"><\/i> <a href=\"tel:912015227\">912 015 227<\/a><\/p>\n\n\n\n<p class=\"has-nv-site-bg-background-color has-background\" style=\"font-size:12px;font-style:normal;font-weight:200\">Decreto-Lei n.\u00ba 215\/89, art.\u00ba 62, a dedu\u00e7\u00e3o para efeitos da determina\u00e7\u00e3o do lucro tribut\u00e1vel das empresas, os donativos referidos s\u00e3o considerados custos em valor correspondente a 140 % do respetivo total, quando se destinarem exclusivamente \u00e0 prossecu\u00e7\u00e3o de fins de car\u00e1ter social.<\/p>\n\n\n\n<p class=\"has-text-align-center has-nv-site-bg-color has-neve-link-hover-color-background-color has-text-color has-background has-link-color has-medium-font-size wp-elements-05c0479c43b34ccbf0232176650bb904\"><a href=\"https:\/\/complexosociallousada.pt\/?page_id=4757\" data-type=\"page\" data-id=\"4757\">D\u00ca O VALOR DA SUA MULTA<\/a><\/p>\n\n\n\n<p class=\"has-nv-site-bg-background-color has-background\" style=\"font-size:15px;font-style:normal;font-weight:200\"><strong>Se for multado,&nbsp;pode doar a sua multa a uma Institui\u00e7\u00e3o Particular de Solidariedade Social (IPSS), inv\u00e9s de pagar directamente ao Estado,&nbsp;colaborando com a causa do COMPLEXO SOCIAL DE LOUSADA do Centro Social e Paroquial de Macieira.<\/strong><br>(<a href=\"https:\/\/complexosociallousada.pt\/?page_id=4757\" data-type=\"page\" data-id=\"4757\">como fazer?<\/a>)<\/p>\n<\/div>\n<\/div>\n","protected":false},"excerpt":{"rendered":"<p>D\u00ca 1,0% DO SEU IRS FA\u00c7A DONATIVOS Para efeitos de IRC, no valor correspondente a 140% do total. Fa\u00e7a a sua tranfer\u00eancia do donativo para os seguintes IBAN ou MB WAY. Ser-lhe-\u00e1 enviado o respetico recibo. IBAN PT50 0007 0000 0064 3997 7452 3 MB WAY 912 015 227 Decreto-Lei n.\u00ba 215\/89, art.\u00ba 62, a&hellip;&nbsp;<a href=\"https:\/\/complexosociallousada.pt\/?page_id=370\" class=\"\" rel=\"bookmark\">Ler mais &raquo;<span class=\"screen-reader-text\">Doar o seu IRS<\/span><\/a><\/p>\n","protected":false},"author":1,"featured_media":3370,"parent":0,"menu_order":0,"comment_status":"closed","ping_status":"closed","template":"","meta":{"neve_meta_sidebar":"","neve_meta_container":"contained","neve_meta_enable_content_width":"","neve_meta_content_width":0,"neve_meta_title_alignment":"","neve_meta_author_avatar":"","neve_post_elements_order":"","neve_meta_disable_header":"","neve_meta_disable_footer":"on","neve_meta_disable_title":"","_ti_tpc_template_sync":false,"_ti_tpc_template_id":"","footnotes":""},"class_list":["post-370","page","type-page","status-publish","has-post-thumbnail","hentry"],"_links":{"self":[{"href":"https:\/\/complexosociallousada.pt\/index.php?rest_route=\/wp\/v2\/pages\/370","targetHints":{"allow":["GET"]}}],"collection":[{"href":"https:\/\/complexosociallousada.pt\/index.php?rest_route=\/wp\/v2\/pages"}],"about":[{"href":"https:\/\/complexosociallousada.pt\/index.php?rest_route=\/wp\/v2\/types\/page"}],"author":[{"embeddable":true,"href":"https:\/\/complexosociallousada.pt\/index.php?rest_route=\/wp\/v2\/users\/1"}],"replies":[{"embeddable":true,"href":"https:\/\/complexosociallousada.pt\/index.php?rest_route=%2Fwp%2Fv2%2Fcomments&post=370"}],"version-history":[{"count":111,"href":"https:\/\/complexosociallousada.pt\/index.php?rest_route=\/wp\/v2\/pages\/370\/revisions"}],"predecessor-version":[{"id":8260,"href":"https:\/\/complexosociallousada.pt\/index.php?rest_route=\/wp\/v2\/pages\/370\/revisions\/8260"}],"wp:featuredmedia":[{"embeddable":true,"href":"https:\/\/complexosociallousada.pt\/index.php?rest_route=\/wp\/v2\/media\/3370"}],"wp:attachment":[{"href":"https:\/\/complexosociallousada.pt\/index.php?rest_route=%2Fwp%2Fv2%2Fmedia&parent=370"}],"curies":[{"name":"wp","href":"https:\/\/api.w.org\/{rel}","templated":true}]}}