{"id":307,"date":"2020-01-13T10:41:00","date_gmt":"2020-01-13T10:41:00","guid":{"rendered":"https:\/\/demosites.io\/web-agency-gb\/?page_id=2"},"modified":"2024-07-19T13:42:03","modified_gmt":"2024-07-19T13:42:03","slug":"15c42-web-agency-gb-news","status":"publish","type":"page","link":"https:\/\/complexosociallousada.pt\/?page_id=307","title":{"rendered":"Not\u00edcias"},"content":{"rendered":"\n<div class=\"wp-block-group is-vertical is-content-justification-center is-layout-flex wp-container-core-group-is-layout-4b076c2d wp-block-group-is-layout-flex\" style=\"padding-top:30px;padding-right:30px;padding-bottom:30px;padding-left:30px\">\n<div class=\"wp-block-columns is-layout-flex wp-container-core-columns-is-layout-9d6595d7 wp-block-columns-is-layout-flex\">\n<div class=\"wp-block-column is-layout-flow wp-block-column-is-layout-flow\" style=\"flex-basis:100%\">\n<div class=\"wp-block-group\"><div class=\"wp-block-group__inner-container is-layout-constrained wp-block-group-is-layout-constrained\">\n<div class=\"wp-block-columns are-vertically-aligned-center has-nv-light-bg-background-color has-background is-layout-flex wp-container-core-columns-is-layout-9d6595d7 wp-block-columns-is-layout-flex\">\n<div class=\"wp-block-column is-vertically-aligned-center is-layout-flow wp-block-column-is-layout-flow\" style=\"font-style:normal;font-weight:100\">\n<div class=\"wp-block-query is-layout-flow wp-block-query-is-layout-flow\">\n<div class=\"wp-block-group\"><div class=\"wp-block-group__inner-container is-layout-constrained wp-block-group-is-layout-constrained\">\n<div class=\"wp-block-group\"><div class=\"wp-block-group__inner-container is-layout-constrained wp-block-group-is-layout-constrained\">\n<section class=\"wp-block-group alignwide is-content-justification-center is-nowrap is-layout-flex wp-container-core-group-is-layout-94bc23d7 wp-block-group-is-layout-flex\">\n<div class=\"wp-block-group alignwide\"><div class=\"wp-block-group__inner-container is-layout-constrained wp-block-group-is-layout-constrained\"><ul class=\"columns-3 alignwide wp-block-post-template is-layout-grid wp-container-core-post-template-is-layout-2f3213d7 wp-block-post-template-is-layout-grid\"><li class=\"wp-block-post post-8874 post type-post status-publish format-standard has-post-thumbnail hentry category-sem-categoria\">\n\n<div class=\"wp-block-group\"><div class=\"wp-block-group__inner-container is-layout-constrained wp-block-group-is-layout-constrained\">\n<div class=\"wp-block-group\"><div class=\"wp-block-group__inner-container is-layout-constrained wp-block-group-is-layout-constrained\">\n<div class=\"wp-block-group\"><div class=\"wp-block-group__inner-container is-layout-constrained wp-block-group-is-layout-constrained\"><figure style=\"height:200px;\" class=\"aligncenter wp-block-post-featured-image\"><a href=\"https:\/\/complexosociallousada.pt\/?p=8874\" target=\"_self\"  style=\"height:200px\"><img loading=\"lazy\" decoding=\"async\" width=\"960\" height=\"720\" data-src=\"https:\/\/complexosociallousada.pt\/wp-content\/uploads\/2026\/04\/662983505_970922632116085_25408109383661321_n.jpg\" class=\"attachment-post-thumbnail size-post-thumbnail wp-post-image lazyload\" alt=\"SEMANAS ATIVAS CATL &#8211; F\u00c9RIAS DA P\u00c1SCOA\" style=\"--smush-placeholder-width: 960px; --smush-placeholder-aspect-ratio: 960\/720;height:200px;object-fit:cover;\" data-srcset=\"https:\/\/complexosociallousada.pt\/wp-content\/uploads\/2026\/04\/662983505_970922632116085_25408109383661321_n.jpg 960w, https:\/\/complexosociallousada.pt\/wp-content\/uploads\/2026\/04\/662983505_970922632116085_25408109383661321_n-300x225.jpg 300w, https:\/\/complexosociallousada.pt\/wp-content\/uploads\/2026\/04\/662983505_970922632116085_25408109383661321_n-768x576.jpg 768w\" data-sizes=\"auto, (max-width: 960px) 100vw, 960px\" src=\"data:image\/gif;base64,R0lGODlhAQABAAAAACH5BAEKAAEALAAAAAABAAEAAAICTAEAOw==\" \/><noscript><img loading=\"lazy\" decoding=\"async\" width=\"960\" height=\"720\" src=\"https:\/\/complexosociallousada.pt\/wp-content\/uploads\/2026\/04\/662983505_970922632116085_25408109383661321_n.jpg\" class=\"attachment-post-thumbnail size-post-thumbnail wp-post-image\" alt=\"SEMANAS ATIVAS CATL &#8211; F\u00c9RIAS DA P\u00c1SCOA\" style=\"height:200px;object-fit:cover;\" srcset=\"https:\/\/complexosociallousada.pt\/wp-content\/uploads\/2026\/04\/662983505_970922632116085_25408109383661321_n.jpg 960w, https:\/\/complexosociallousada.pt\/wp-content\/uploads\/2026\/04\/662983505_970922632116085_25408109383661321_n-300x225.jpg 300w, https:\/\/complexosociallousada.pt\/wp-content\/uploads\/2026\/04\/662983505_970922632116085_25408109383661321_n-768x576.jpg 768w\" sizes=\"auto, (max-width: 960px) 100vw, 960px\" \/><\/noscript><\/a><\/figure><\/div><\/div>\n<\/div><\/div>\n<\/div><\/div>\n\n\n\n<div class=\"wp-block-columns is-layout-flex wp-container-core-columns-is-layout-9d6595d7 wp-block-columns-is-layout-flex\" style=\"font-style:normal;font-weight:100\"><\/div>\n\n\n<h2 class=\"has-text-align-center wp-block-post-title has-small-font-size\">SEMANAS ATIVAS CATL &#8211; F\u00c9RIAS DA P\u00c1SCOA<\/h2>\n\n<div style=\"font-style:normal;font-weight:400;\" class=\"has-text-align-center wp-block-post-date\"><time datetime=\"2026-04-13T09:48:17+00:00\"><a href=\"https:\/\/complexosociallousada.pt\/?p=8874\">13 de Abril, 2026<\/a><\/time><\/div>\n<\/li><li class=\"wp-block-post post-8805 post type-post status-publish format-standard has-post-thumbnail hentry category-sem-categoria\">\n\n<div class=\"wp-block-group\"><div class=\"wp-block-group__inner-container is-layout-constrained wp-block-group-is-layout-constrained\">\n<div class=\"wp-block-group\"><div class=\"wp-block-group__inner-container is-layout-constrained wp-block-group-is-layout-constrained\">\n<div class=\"wp-block-group\"><div class=\"wp-block-group__inner-container is-layout-constrained wp-block-group-is-layout-constrained\"><figure style=\"height:200px;\" class=\"aligncenter wp-block-post-featured-image\"><a href=\"https:\/\/complexosociallousada.pt\/?p=8805\" target=\"_self\"  style=\"height:200px\"><img loading=\"lazy\" decoding=\"async\" width=\"1600\" height=\"720\" data-src=\"https:\/\/complexosociallousada.pt\/wp-content\/uploads\/2026\/03\/7de5f4cb-7d52-4952-8647-68fea85d1511.jpg\" class=\"attachment-post-thumbnail size-post-thumbnail wp-post-image lazyload\" alt=\"SEMANAS ATIVAS CRECHE &#8211; F\u00c9RIAS DA P\u00c1SCOA\" style=\"--smush-placeholder-width: 1600px; --smush-placeholder-aspect-ratio: 1600\/720;height:200px;object-fit:cover;\" data-srcset=\"https:\/\/complexosociallousada.pt\/wp-content\/uploads\/2026\/03\/7de5f4cb-7d52-4952-8647-68fea85d1511.jpg 1600w, https:\/\/complexosociallousada.pt\/wp-content\/uploads\/2026\/03\/7de5f4cb-7d52-4952-8647-68fea85d1511-300x135.jpg 300w, https:\/\/complexosociallousada.pt\/wp-content\/uploads\/2026\/03\/7de5f4cb-7d52-4952-8647-68fea85d1511-1024x461.jpg 1024w, https:\/\/complexosociallousada.pt\/wp-content\/uploads\/2026\/03\/7de5f4cb-7d52-4952-8647-68fea85d1511-768x346.jpg 768w, https:\/\/complexosociallousada.pt\/wp-content\/uploads\/2026\/03\/7de5f4cb-7d52-4952-8647-68fea85d1511-1536x691.jpg 1536w\" data-sizes=\"auto, (max-width: 1600px) 100vw, 1600px\" src=\"data:image\/gif;base64,R0lGODlhAQABAAAAACH5BAEKAAEALAAAAAABAAEAAAICTAEAOw==\" \/><noscript><img loading=\"lazy\" decoding=\"async\" width=\"1600\" height=\"720\" src=\"https:\/\/complexosociallousada.pt\/wp-content\/uploads\/2026\/03\/7de5f4cb-7d52-4952-8647-68fea85d1511.jpg\" class=\"attachment-post-thumbnail size-post-thumbnail wp-post-image\" alt=\"SEMANAS ATIVAS CRECHE &#8211; F\u00c9RIAS DA P\u00c1SCOA\" style=\"height:200px;object-fit:cover;\" srcset=\"https:\/\/complexosociallousada.pt\/wp-content\/uploads\/2026\/03\/7de5f4cb-7d52-4952-8647-68fea85d1511.jpg 1600w, https:\/\/complexosociallousada.pt\/wp-content\/uploads\/2026\/03\/7de5f4cb-7d52-4952-8647-68fea85d1511-300x135.jpg 300w, https:\/\/complexosociallousada.pt\/wp-content\/uploads\/2026\/03\/7de5f4cb-7d52-4952-8647-68fea85d1511-1024x461.jpg 1024w, https:\/\/complexosociallousada.pt\/wp-content\/uploads\/2026\/03\/7de5f4cb-7d52-4952-8647-68fea85d1511-768x346.jpg 768w, https:\/\/complexosociallousada.pt\/wp-content\/uploads\/2026\/03\/7de5f4cb-7d52-4952-8647-68fea85d1511-1536x691.jpg 1536w\" sizes=\"auto, (max-width: 1600px) 100vw, 1600px\" \/><\/noscript><\/a><\/figure><\/div><\/div>\n<\/div><\/div>\n<\/div><\/div>\n\n\n\n<div class=\"wp-block-columns is-layout-flex wp-container-core-columns-is-layout-9d6595d7 wp-block-columns-is-layout-flex\" style=\"font-style:normal;font-weight:100\"><\/div>\n\n\n<h2 class=\"has-text-align-center wp-block-post-title has-small-font-size\">SEMANAS ATIVAS CRECHE &#8211; F\u00c9RIAS DA P\u00c1SCOA<\/h2>\n\n<div style=\"font-style:normal;font-weight:400;\" class=\"has-text-align-center wp-block-post-date\"><time datetime=\"2026-03-27T12:40:52+00:00\"><a href=\"https:\/\/complexosociallousada.pt\/?p=8805\">27 de Mar\u00e7o, 2026<\/a><\/time><\/div>\n<\/li><li class=\"wp-block-post post-8795 post type-post status-publish format-standard has-post-thumbnail hentry category-sem-categoria\">\n\n<div class=\"wp-block-group\"><div class=\"wp-block-group__inner-container is-layout-constrained wp-block-group-is-layout-constrained\">\n<div class=\"wp-block-group\"><div class=\"wp-block-group__inner-container is-layout-constrained wp-block-group-is-layout-constrained\">\n<div class=\"wp-block-group\"><div class=\"wp-block-group__inner-container is-layout-constrained wp-block-group-is-layout-constrained\"><figure style=\"height:200px;\" class=\"aligncenter wp-block-post-featured-image\"><a href=\"https:\/\/complexosociallousada.pt\/?p=8795\" target=\"_self\"  style=\"height:200px\"><img loading=\"lazy\" decoding=\"async\" width=\"1536\" height=\"2048\" data-src=\"https:\/\/complexosociallousada.pt\/wp-content\/uploads\/2026\/03\/2ecc72c4-6967-4d10-8122-e7fb211176f5.jpg\" class=\"attachment-post-thumbnail size-post-thumbnail wp-post-image lazyload\" alt=\"FORMA\u00c7\u00c3O \u00c0 COMUNIDADE: &#8220;CUIDAR DA SA\u00daDE N\u00c3O TEM IDADE!&#8221;\" style=\"--smush-placeholder-width: 1536px; --smush-placeholder-aspect-ratio: 1536\/2048;height:200px;object-fit:cover;\" data-srcset=\"https:\/\/complexosociallousada.pt\/wp-content\/uploads\/2026\/03\/2ecc72c4-6967-4d10-8122-e7fb211176f5.jpg 1536w, https:\/\/complexosociallousada.pt\/wp-content\/uploads\/2026\/03\/2ecc72c4-6967-4d10-8122-e7fb211176f5-225x300.jpg 225w, https:\/\/complexosociallousada.pt\/wp-content\/uploads\/2026\/03\/2ecc72c4-6967-4d10-8122-e7fb211176f5-768x1024.jpg 768w, https:\/\/complexosociallousada.pt\/wp-content\/uploads\/2026\/03\/2ecc72c4-6967-4d10-8122-e7fb211176f5-1152x1536.jpg 1152w\" data-sizes=\"auto, (max-width: 1536px) 100vw, 1536px\" src=\"data:image\/gif;base64,R0lGODlhAQABAAAAACH5BAEKAAEALAAAAAABAAEAAAICTAEAOw==\" \/><noscript><img loading=\"lazy\" decoding=\"async\" width=\"1536\" height=\"2048\" src=\"https:\/\/complexosociallousada.pt\/wp-content\/uploads\/2026\/03\/2ecc72c4-6967-4d10-8122-e7fb211176f5.jpg\" class=\"attachment-post-thumbnail size-post-thumbnail wp-post-image\" alt=\"FORMA\u00c7\u00c3O \u00c0 COMUNIDADE: &#8220;CUIDAR DA SA\u00daDE N\u00c3O TEM IDADE!&#8221;\" style=\"height:200px;object-fit:cover;\" srcset=\"https:\/\/complexosociallousada.pt\/wp-content\/uploads\/2026\/03\/2ecc72c4-6967-4d10-8122-e7fb211176f5.jpg 1536w, https:\/\/complexosociallousada.pt\/wp-content\/uploads\/2026\/03\/2ecc72c4-6967-4d10-8122-e7fb211176f5-225x300.jpg 225w, https:\/\/complexosociallousada.pt\/wp-content\/uploads\/2026\/03\/2ecc72c4-6967-4d10-8122-e7fb211176f5-768x1024.jpg 768w, https:\/\/complexosociallousada.pt\/wp-content\/uploads\/2026\/03\/2ecc72c4-6967-4d10-8122-e7fb211176f5-1152x1536.jpg 1152w\" sizes=\"auto, (max-width: 1536px) 100vw, 1536px\" \/><\/noscript><\/a><\/figure><\/div><\/div>\n<\/div><\/div>\n<\/div><\/div>\n\n\n\n<div class=\"wp-block-columns is-layout-flex wp-container-core-columns-is-layout-9d6595d7 wp-block-columns-is-layout-flex\" style=\"font-style:normal;font-weight:100\"><\/div>\n\n\n<h2 class=\"has-text-align-center wp-block-post-title has-small-font-size\">FORMA\u00c7\u00c3O \u00c0 COMUNIDADE: &#8220;CUIDAR DA SA\u00daDE N\u00c3O TEM IDADE!&#8221;<\/h2>\n\n<div style=\"font-style:normal;font-weight:400;\" class=\"has-text-align-center wp-block-post-date\"><time datetime=\"2026-03-24T16:21:03+00:00\"><a href=\"https:\/\/complexosociallousada.pt\/?p=8795\">24 de Mar\u00e7o, 2026<\/a><\/time><\/div>\n<\/li><li class=\"wp-block-post post-8782 post type-post status-publish format-standard has-post-thumbnail hentry category-sem-categoria\">\n\n<div class=\"wp-block-group\"><div class=\"wp-block-group__inner-container is-layout-constrained wp-block-group-is-layout-constrained\">\n<div class=\"wp-block-group\"><div class=\"wp-block-group__inner-container is-layout-constrained wp-block-group-is-layout-constrained\">\n<div class=\"wp-block-group\"><div class=\"wp-block-group__inner-container is-layout-constrained wp-block-group-is-layout-constrained\"><figure style=\"height:200px;\" class=\"aligncenter wp-block-post-featured-image\"><a href=\"https:\/\/complexosociallousada.pt\/?p=8782\" target=\"_self\"  style=\"height:200px\"><img loading=\"lazy\" decoding=\"async\" width=\"1600\" height=\"1200\" data-src=\"https:\/\/complexosociallousada.pt\/wp-content\/uploads\/2026\/03\/80ce61de-08dd-4c48-9761-4ed145ef6c79.jpg\" class=\"attachment-post-thumbnail size-post-thumbnail wp-post-image lazyload\" alt=\"DIA DA \u00c1RVORE\" style=\"--smush-placeholder-width: 1600px; --smush-placeholder-aspect-ratio: 1600\/1200;height:200px;object-fit:cover;\" data-srcset=\"https:\/\/complexosociallousada.pt\/wp-content\/uploads\/2026\/03\/80ce61de-08dd-4c48-9761-4ed145ef6c79.jpg 1600w, https:\/\/complexosociallousada.pt\/wp-content\/uploads\/2026\/03\/80ce61de-08dd-4c48-9761-4ed145ef6c79-300x225.jpg 300w, https:\/\/complexosociallousada.pt\/wp-content\/uploads\/2026\/03\/80ce61de-08dd-4c48-9761-4ed145ef6c79-1024x768.jpg 1024w, https:\/\/complexosociallousada.pt\/wp-content\/uploads\/2026\/03\/80ce61de-08dd-4c48-9761-4ed145ef6c79-768x576.jpg 768w, https:\/\/complexosociallousada.pt\/wp-content\/uploads\/2026\/03\/80ce61de-08dd-4c48-9761-4ed145ef6c79-1536x1152.jpg 1536w\" data-sizes=\"auto, (max-width: 1600px) 100vw, 1600px\" src=\"data:image\/gif;base64,R0lGODlhAQABAAAAACH5BAEKAAEALAAAAAABAAEAAAICTAEAOw==\" \/><noscript><img loading=\"lazy\" decoding=\"async\" width=\"1600\" height=\"1200\" src=\"https:\/\/complexosociallousada.pt\/wp-content\/uploads\/2026\/03\/80ce61de-08dd-4c48-9761-4ed145ef6c79.jpg\" class=\"attachment-post-thumbnail size-post-thumbnail wp-post-image\" alt=\"DIA DA \u00c1RVORE\" style=\"height:200px;object-fit:cover;\" srcset=\"https:\/\/complexosociallousada.pt\/wp-content\/uploads\/2026\/03\/80ce61de-08dd-4c48-9761-4ed145ef6c79.jpg 1600w, https:\/\/complexosociallousada.pt\/wp-content\/uploads\/2026\/03\/80ce61de-08dd-4c48-9761-4ed145ef6c79-300x225.jpg 300w, https:\/\/complexosociallousada.pt\/wp-content\/uploads\/2026\/03\/80ce61de-08dd-4c48-9761-4ed145ef6c79-1024x768.jpg 1024w, https:\/\/complexosociallousada.pt\/wp-content\/uploads\/2026\/03\/80ce61de-08dd-4c48-9761-4ed145ef6c79-768x576.jpg 768w, https:\/\/complexosociallousada.pt\/wp-content\/uploads\/2026\/03\/80ce61de-08dd-4c48-9761-4ed145ef6c79-1536x1152.jpg 1536w\" sizes=\"auto, (max-width: 1600px) 100vw, 1600px\" \/><\/noscript><\/a><\/figure><\/div><\/div>\n<\/div><\/div>\n<\/div><\/div>\n\n\n\n<div class=\"wp-block-columns is-layout-flex wp-container-core-columns-is-layout-9d6595d7 wp-block-columns-is-layout-flex\" style=\"font-style:normal;font-weight:100\"><\/div>\n\n\n<h2 class=\"has-text-align-center wp-block-post-title has-small-font-size\">DIA DA \u00c1RVORE<\/h2>\n\n<div style=\"font-style:normal;font-weight:400;\" class=\"has-text-align-center wp-block-post-date\"><time datetime=\"2026-03-23T16:37:00+00:00\"><a href=\"https:\/\/complexosociallousada.pt\/?p=8782\">23 de Mar\u00e7o, 2026<\/a><\/time><\/div>\n<\/li><li class=\"wp-block-post post-8774 post type-post status-publish format-standard has-post-thumbnail hentry category-sem-categoria\">\n\n<div class=\"wp-block-group\"><div class=\"wp-block-group__inner-container is-layout-constrained wp-block-group-is-layout-constrained\">\n<div class=\"wp-block-group\"><div class=\"wp-block-group__inner-container is-layout-constrained wp-block-group-is-layout-constrained\">\n<div class=\"wp-block-group\"><div class=\"wp-block-group__inner-container is-layout-constrained wp-block-group-is-layout-constrained\"><figure style=\"height:200px;\" class=\"aligncenter wp-block-post-featured-image\"><a href=\"https:\/\/complexosociallousada.pt\/?p=8774\" target=\"_self\"  style=\"height:200px\"><img loading=\"lazy\" decoding=\"async\" width=\"1600\" height=\"1200\" data-src=\"https:\/\/complexosociallousada.pt\/wp-content\/uploads\/2026\/03\/2db25942-4a5b-43db-8855-3349ae73a9c8.jpg\" class=\"attachment-post-thumbnail size-post-thumbnail wp-post-image lazyload\" alt=\"DIA DO PAI &#8211; CRECHE\" style=\"--smush-placeholder-width: 1600px; --smush-placeholder-aspect-ratio: 1600\/1200;height:200px;object-fit:cover;\" data-srcset=\"https:\/\/complexosociallousada.pt\/wp-content\/uploads\/2026\/03\/2db25942-4a5b-43db-8855-3349ae73a9c8.jpg 1600w, https:\/\/complexosociallousada.pt\/wp-content\/uploads\/2026\/03\/2db25942-4a5b-43db-8855-3349ae73a9c8-300x225.jpg 300w, https:\/\/complexosociallousada.pt\/wp-content\/uploads\/2026\/03\/2db25942-4a5b-43db-8855-3349ae73a9c8-1024x768.jpg 1024w, https:\/\/complexosociallousada.pt\/wp-content\/uploads\/2026\/03\/2db25942-4a5b-43db-8855-3349ae73a9c8-768x576.jpg 768w, https:\/\/complexosociallousada.pt\/wp-content\/uploads\/2026\/03\/2db25942-4a5b-43db-8855-3349ae73a9c8-1536x1152.jpg 1536w\" data-sizes=\"auto, (max-width: 1600px) 100vw, 1600px\" src=\"data:image\/gif;base64,R0lGODlhAQABAAAAACH5BAEKAAEALAAAAAABAAEAAAICTAEAOw==\" \/><noscript><img loading=\"lazy\" decoding=\"async\" width=\"1600\" height=\"1200\" src=\"https:\/\/complexosociallousada.pt\/wp-content\/uploads\/2026\/03\/2db25942-4a5b-43db-8855-3349ae73a9c8.jpg\" class=\"attachment-post-thumbnail size-post-thumbnail wp-post-image\" alt=\"DIA DO PAI &#8211; CRECHE\" style=\"height:200px;object-fit:cover;\" srcset=\"https:\/\/complexosociallousada.pt\/wp-content\/uploads\/2026\/03\/2db25942-4a5b-43db-8855-3349ae73a9c8.jpg 1600w, https:\/\/complexosociallousada.pt\/wp-content\/uploads\/2026\/03\/2db25942-4a5b-43db-8855-3349ae73a9c8-300x225.jpg 300w, https:\/\/complexosociallousada.pt\/wp-content\/uploads\/2026\/03\/2db25942-4a5b-43db-8855-3349ae73a9c8-1024x768.jpg 1024w, https:\/\/complexosociallousada.pt\/wp-content\/uploads\/2026\/03\/2db25942-4a5b-43db-8855-3349ae73a9c8-768x576.jpg 768w, https:\/\/complexosociallousada.pt\/wp-content\/uploads\/2026\/03\/2db25942-4a5b-43db-8855-3349ae73a9c8-1536x1152.jpg 1536w\" sizes=\"auto, (max-width: 1600px) 100vw, 1600px\" \/><\/noscript><\/a><\/figure><\/div><\/div>\n<\/div><\/div>\n<\/div><\/div>\n\n\n\n<div class=\"wp-block-columns is-layout-flex wp-container-core-columns-is-layout-9d6595d7 wp-block-columns-is-layout-flex\" style=\"font-style:normal;font-weight:100\"><\/div>\n\n\n<h2 class=\"has-text-align-center wp-block-post-title has-small-font-size\">DIA DO PAI &#8211; CRECHE<\/h2>\n\n<div style=\"font-style:normal;font-weight:400;\" class=\"has-text-align-center wp-block-post-date\"><time datetime=\"2026-03-20T10:51:09+00:00\"><a href=\"https:\/\/complexosociallousada.pt\/?p=8774\">20 de Mar\u00e7o, 2026<\/a><\/time><\/div>\n<\/li><li class=\"wp-block-post post-8751 post type-post status-publish format-standard has-post-thumbnail hentry category-sem-categoria\">\n\n<div class=\"wp-block-group\"><div class=\"wp-block-group__inner-container is-layout-constrained wp-block-group-is-layout-constrained\">\n<div class=\"wp-block-group\"><div class=\"wp-block-group__inner-container is-layout-constrained wp-block-group-is-layout-constrained\">\n<div class=\"wp-block-group\"><div class=\"wp-block-group__inner-container is-layout-constrained wp-block-group-is-layout-constrained\"><figure style=\"height:200px;\" class=\"aligncenter wp-block-post-featured-image\"><a href=\"https:\/\/complexosociallousada.pt\/?p=8751\" target=\"_self\"  style=\"height:200px\"><img loading=\"lazy\" decoding=\"async\" width=\"2048\" height=\"1154\" data-src=\"https:\/\/complexosociallousada.pt\/wp-content\/uploads\/2026\/03\/17f67928-9f85-4fc3-b87c-34a2aacd569f.jpg\" class=\"attachment-post-thumbnail size-post-thumbnail wp-post-image lazyload\" alt=\"DIA DA MULHER: UM MOMENTO PARA MIM!\" style=\"--smush-placeholder-width: 2048px; --smush-placeholder-aspect-ratio: 2048\/1154;height:200px;object-fit:cover;\" data-srcset=\"https:\/\/complexosociallousada.pt\/wp-content\/uploads\/2026\/03\/17f67928-9f85-4fc3-b87c-34a2aacd569f.jpg 2048w, https:\/\/complexosociallousada.pt\/wp-content\/uploads\/2026\/03\/17f67928-9f85-4fc3-b87c-34a2aacd569f-300x169.jpg 300w, https:\/\/complexosociallousada.pt\/wp-content\/uploads\/2026\/03\/17f67928-9f85-4fc3-b87c-34a2aacd569f-1024x577.jpg 1024w, https:\/\/complexosociallousada.pt\/wp-content\/uploads\/2026\/03\/17f67928-9f85-4fc3-b87c-34a2aacd569f-768x433.jpg 768w, https:\/\/complexosociallousada.pt\/wp-content\/uploads\/2026\/03\/17f67928-9f85-4fc3-b87c-34a2aacd569f-1536x866.jpg 1536w\" data-sizes=\"auto, (max-width: 2048px) 100vw, 2048px\" src=\"data:image\/gif;base64,R0lGODlhAQABAAAAACH5BAEKAAEALAAAAAABAAEAAAICTAEAOw==\" \/><noscript><img loading=\"lazy\" decoding=\"async\" width=\"2048\" height=\"1154\" src=\"https:\/\/complexosociallousada.pt\/wp-content\/uploads\/2026\/03\/17f67928-9f85-4fc3-b87c-34a2aacd569f.jpg\" class=\"attachment-post-thumbnail size-post-thumbnail wp-post-image\" alt=\"DIA DA MULHER: UM MOMENTO PARA MIM!\" style=\"height:200px;object-fit:cover;\" srcset=\"https:\/\/complexosociallousada.pt\/wp-content\/uploads\/2026\/03\/17f67928-9f85-4fc3-b87c-34a2aacd569f.jpg 2048w, https:\/\/complexosociallousada.pt\/wp-content\/uploads\/2026\/03\/17f67928-9f85-4fc3-b87c-34a2aacd569f-300x169.jpg 300w, https:\/\/complexosociallousada.pt\/wp-content\/uploads\/2026\/03\/17f67928-9f85-4fc3-b87c-34a2aacd569f-1024x577.jpg 1024w, https:\/\/complexosociallousada.pt\/wp-content\/uploads\/2026\/03\/17f67928-9f85-4fc3-b87c-34a2aacd569f-768x433.jpg 768w, https:\/\/complexosociallousada.pt\/wp-content\/uploads\/2026\/03\/17f67928-9f85-4fc3-b87c-34a2aacd569f-1536x866.jpg 1536w\" sizes=\"auto, (max-width: 2048px) 100vw, 2048px\" \/><\/noscript><\/a><\/figure><\/div><\/div>\n<\/div><\/div>\n<\/div><\/div>\n\n\n\n<div class=\"wp-block-columns is-layout-flex wp-container-core-columns-is-layout-9d6595d7 wp-block-columns-is-layout-flex\" style=\"font-style:normal;font-weight:100\"><\/div>\n\n\n<h2 class=\"has-text-align-center wp-block-post-title has-small-font-size\">DIA DA MULHER: UM MOMENTO PARA MIM!<\/h2>\n\n<div style=\"font-style:normal;font-weight:400;\" class=\"has-text-align-center wp-block-post-date\"><time datetime=\"2026-03-12T15:44:06+00:00\"><a href=\"https:\/\/complexosociallousada.pt\/?p=8751\">12 de Mar\u00e7o, 2026<\/a><\/time><\/div>\n<\/li><\/ul><\/div><\/div>\n<\/section>\n<\/div><\/div>\n<\/div><\/div>\n<\/div>\n<\/div>\n<\/div>\n<\/div><\/div>\n<\/div>\n<\/div>\n<\/div>\n","protected":false},"excerpt":{"rendered":"","protected":false},"author":2,"featured_media":915,"parent":0,"menu_order":0,"comment_status":"closed","ping_status":"closed","template":"","meta":{"neve_meta_sidebar":"","neve_meta_container":"contained","neve_meta_enable_content_width":"off","neve_meta_content_width":0,"neve_meta_title_alignment":"left","neve_meta_author_avatar":"","neve_post_elements_order":"","neve_meta_disable_header":"","neve_meta_disable_footer":"on","neve_meta_disable_title":"","_ti_tpc_template_sync":false,"_ti_tpc_template_id":"","footnotes":""},"class_list":["post-307","page","type-page","status-publish","has-post-thumbnail","hentry"],"_links":{"self":[{"href":"https:\/\/complexosociallousada.pt\/index.php?rest_route=\/wp\/v2\/pages\/307","targetHints":{"allow":["GET"]}}],"collection":[{"href":"https:\/\/complexosociallousada.pt\/index.php?rest_route=\/wp\/v2\/pages"}],"about":[{"href":"https:\/\/complexosociallousada.pt\/index.php?rest_route=\/wp\/v2\/types\/page"}],"author":[{"embeddable":true,"href":"https:\/\/complexosociallousada.pt\/index.php?rest_route=\/wp\/v2\/users\/2"}],"replies":[{"embeddable":true,"href":"https:\/\/complexosociallousada.pt\/index.php?rest_route=%2Fwp%2Fv2%2Fcomments&post=307"}],"version-history":[{"count":42,"href":"https:\/\/complexosociallousada.pt\/index.php?rest_route=\/wp\/v2\/pages\/307\/revisions"}],"predecessor-version":[{"id":4265,"href":"https:\/\/complexosociallousada.pt\/index.php?rest_route=\/wp\/v2\/pages\/307\/revisions\/4265"}],"wp:featuredmedia":[{"embeddable":true,"href":"https:\/\/complexosociallousada.pt\/index.php?rest_route=\/wp\/v2\/media\/915"}],"wp:attachment":[{"href":"https:\/\/complexosociallousada.pt\/index.php?rest_route=%2Fwp%2Fv2%2Fmedia&parent=307"}],"curies":[{"name":"wp","href":"https:\/\/api.w.org\/{rel}","templated":true}]}}